{"id":13482,"date":"2020-05-01T18:41:00","date_gmt":"2020-05-01T16:41:00","guid":{"rendered":"http:\/\/arietepersonal.webambulance.cz\/?page_id=13482"},"modified":"2021-01-26T16:44:20","modified_gmt":"2021-01-26T15:44:20","slug":"certifikace-iso","status":"publish","type":"page","link":"https:\/\/www.arietepersonal.cz\/en\/certifikace-iso\/","title":{"rendered":"Certifikace ISO"},"content":{"rendered":"<div class=\"vc_row wpb_row vc_row-fluid thsn-row thsn-bg-color-yes thsn-bg-color-transparent thsn-zindex-zero\">\r\n\t\t\t<div class=\"wpb_column vc_column_container vc_col-sm-4 thsn-column thsn-bg-color-yes thsn-bg-color-transparent thsn-zindex-zero\">\r\n\t<div class=\"vc_column-inner \">\r\n\t\t\t<div class=\"wpb_wrapper\">\r\n\t\t\t\n\t<div  class=\"wpb_single_image wpb_content_element vc_align_center\">\n\t\t\n\t\t<figure class=\"wpb_wrapper vc_figure\">\n\t\t\t<a class=\"\" data-lightbox=\"lightbox[rel-13482-771383052]\" href=\"https:\/\/www.arietepersonal.cz\/wp-content\/uploads\/2020\/05\/IS0-28000_2007-ARIETE-automotive-CZ-714x1024.png\" target=\"_self\" class=\"vc_single_image-wrapper   vc_box_border_grey\"><img loading=\"lazy\" decoding=\"async\" width=\"150\" height=\"150\" src=\"https:\/\/www.arietepersonal.cz\/wp-content\/uploads\/2020\/05\/IS0-28000_2007-ARIETE-automotive-CZ-150x150.png\" class=\"vc_single_image-img attachment-thumbnail\" alt=\"\" title=\"IS0 28000-2007 ARIETE automotive CZ\" srcset=\"https:\/\/www.arietepersonal.cz\/wp-content\/uploads\/2020\/05\/IS0-28000_2007-ARIETE-automotive-CZ-150x150.png 150w, https:\/\/www.arietepersonal.cz\/wp-content\/uploads\/2020\/05\/IS0-28000_2007-ARIETE-automotive-CZ-770x770.png 770w, https:\/\/www.arietepersonal.cz\/wp-content\/uploads\/2020\/05\/IS0-28000_2007-ARIETE-automotive-CZ-300x300.png 300w\" sizes=\"auto, (max-width: 150px) 100vw, 150px\" data-id=\"13499\" \/><\/a>\n\t\t<\/figure>\n\t<\/div>\n\n\t<div class=\"wpb_text_column wpb_content_element \" >\n\t\t<div class=\"wpb_wrapper\">\n\t\t\t<p style=\"text-align: center;\"><strong>IS0 28000-2007 ARIETE automotive CZ<\/strong><\/p>\n\n\t\t<\/div>\n\t<\/div>\n\t\t<\/div>\r\n\t<\/div>\r\n<\/div>\r\n<div class=\"wpb_column vc_column_container vc_col-sm-4 thsn-column thsn-bg-color-yes thsn-bg-color-transparent thsn-zindex-zero\">\r\n\t<div class=\"vc_column-inner \">\r\n\t\t\t<div class=\"wpb_wrapper\">\r\n\t\t\t\n\t<div  class=\"wpb_single_image wpb_content_element vc_align_center\">\n\t\t\n\t\t<figure class=\"wpb_wrapper vc_figure\">\n\t\t\t<a class=\"\" data-lightbox=\"lightbox[rel-13482-1717197604]\" href=\"https:\/\/www.arietepersonal.cz\/wp-content\/uploads\/2020\/05\/ISO-9001_2008-ARIETE-automotive-CZ-692x1024.png\" target=\"_self\" class=\"vc_single_image-wrapper   vc_box_border_grey\"><img loading=\"lazy\" decoding=\"async\" width=\"150\" height=\"150\" src=\"https:\/\/www.arietepersonal.cz\/wp-content\/uploads\/2020\/05\/ISO-9001_2008-ARIETE-automotive-CZ-150x150.png\" class=\"vc_single_image-img attachment-thumbnail\" alt=\"\" title=\"ISO 9001-2008 ARIETE automotive CZ\" srcset=\"https:\/\/www.arietepersonal.cz\/wp-content\/uploads\/2020\/05\/ISO-9001_2008-ARIETE-automotive-CZ-150x150.png 150w, https:\/\/www.arietepersonal.cz\/wp-content\/uploads\/2020\/05\/ISO-9001_2008-ARIETE-automotive-CZ-770x770.png 770w, https:\/\/www.arietepersonal.cz\/wp-content\/uploads\/2020\/05\/ISO-9001_2008-ARIETE-automotive-CZ-300x300.png 300w\" sizes=\"auto, (max-width: 150px) 100vw, 150px\" data-id=\"13502\" \/><\/a>\n\t\t<\/figure>\n\t<\/div>\n\n\t<div class=\"wpb_text_column wpb_content_element \" >\n\t\t<div class=\"wpb_wrapper\">\n\t\t\t<p style=\"text-align: center;\"><strong>ISO 9001-2008 ARIETE automotive CZ<\/strong><\/p>\n\n\t\t<\/div>\n\t<\/div>\n\t\t<\/div>\r\n\t<\/div>\r\n<\/div>\r\n<div class=\"wpb_column vc_column_container vc_col-sm-4 thsn-column thsn-bg-color-yes thsn-bg-color-transparent thsn-zindex-zero\">\r\n\t<div class=\"vc_column-inner \">\r\n\t\t\t<div class=\"wpb_wrapper\">\r\n\t\t\t\n\t<div  class=\"wpb_single_image wpb_content_element vc_align_center\">\n\t\t\n\t\t<figure class=\"wpb_wrapper vc_figure\">\n\t\t\t<a class=\"\" data-lightbox=\"lightbox[rel-13482-1450491299]\" href=\"https:\/\/www.arietepersonal.cz\/wp-content\/uploads\/2020\/05\/ISO-9001_2008-ARIETE-personal-CZ-694x1024.png\" target=\"_self\" class=\"vc_single_image-wrapper   vc_box_border_grey\"><img loading=\"lazy\" decoding=\"async\" width=\"150\" height=\"150\" src=\"https:\/\/www.arietepersonal.cz\/wp-content\/uploads\/2020\/05\/ISO-9001_2008-ARIETE-personal-CZ-150x150.png\" class=\"vc_single_image-img attachment-thumbnail\" alt=\"\" title=\"ISO 9001-2008 ARIETE personal CZ\" srcset=\"https:\/\/www.arietepersonal.cz\/wp-content\/uploads\/2020\/05\/ISO-9001_2008-ARIETE-personal-CZ-150x150.png 150w, https:\/\/www.arietepersonal.cz\/wp-content\/uploads\/2020\/05\/ISO-9001_2008-ARIETE-personal-CZ-770x770.png 770w, https:\/\/www.arietepersonal.cz\/wp-content\/uploads\/2020\/05\/ISO-9001_2008-ARIETE-personal-CZ-300x300.png 300w\" sizes=\"auto, (max-width: 150px) 100vw, 150px\" data-id=\"13503\" \/><\/a>\n\t\t<\/figure>\n\t<\/div>\n\n\t<div class=\"wpb_text_column wpb_content_element \" >\n\t\t<div class=\"wpb_wrapper\">\n\t\t\t<p style=\"text-align: center;\"><strong>ISO 9001-2008 ARIETE personal CZ<\/strong><\/p>\n\n\t\t<\/div>\n\t<\/div>\n\t\t<\/div>\r\n\t<\/div>\r\n<\/div>\r\n<\/div>\r\n<div class=\"vc_row wpb_row vc_row-fluid thsn-row thsn-bg-color-yes thsn-bg-color-transparent thsn-zindex-zero\">\r\n\t\t\t<div class=\"wpb_column vc_column_container vc_col-sm-4 thsn-column thsn-bg-color-yes thsn-bg-color-transparent thsn-zindex-zero\">\r\n\t<div class=\"vc_column-inner \">\r\n\t\t\t<div class=\"wpb_wrapper\">\r\n\t\t\t\n\t<div  class=\"wpb_single_image wpb_content_element vc_align_center\">\n\t\t\n\t\t<figure class=\"wpb_wrapper vc_figure\">\n\t\t\t<a class=\"\" data-lightbox=\"lightbox[rel-13482-151549341]\" href=\"https:\/\/www.arietepersonal.cz\/wp-content\/uploads\/2021\/01\/ISO-9001_2008-Chranena-dilna-CZ-706x1024-1.png\" target=\"_self\" class=\"vc_single_image-wrapper   vc_box_border_grey\"><img loading=\"lazy\" decoding=\"async\" width=\"103\" height=\"150\" src=\"https:\/\/www.arietepersonal.cz\/wp-content\/uploads\/2021\/01\/ISO-9001_2008-Chranena-dilna-CZ-706x1024-1-103x150.png\" class=\"vc_single_image-img attachment-thumbnail\" alt=\"\" title=\"ISO-9001_2008-Chranena-dilna-CZ-706x1024\" srcset=\"https:\/\/www.arietepersonal.cz\/wp-content\/uploads\/2021\/01\/ISO-9001_2008-Chranena-dilna-CZ-706x1024-1-103x150.png 103w, https:\/\/www.arietepersonal.cz\/wp-content\/uploads\/2021\/01\/ISO-9001_2008-Chranena-dilna-CZ-706x1024-1-207x300.png 207w, https:\/\/www.arietepersonal.cz\/wp-content\/uploads\/2021\/01\/ISO-9001_2008-Chranena-dilna-CZ-706x1024-1.png 706w\" sizes=\"auto, (max-width: 103px) 100vw, 103px\" data-id=\"14060\" \/><\/a>\n\t\t<\/figure>\n\t<\/div>\n\n\t<div class=\"wpb_text_column wpb_content_element \" >\n\t\t<div class=\"wpb_wrapper\">\n\t\t\t<p style=\"text-align: center;\"><strong>ISO 9001-2008 Chr\u00e1n\u011bn\u00e1 d\u00edlna CZ<\/strong><\/p>\n\n\t\t<\/div>\n\t<\/div>\n\t\t<\/div>\r\n\t<\/div>\r\n<\/div>\r\n<div class=\"wpb_column vc_column_container vc_col-sm-4 thsn-column thsn-bg-color-yes thsn-bg-color-transparent thsn-zindex-zero\">\r\n\t<div class=\"vc_column-inner \">\r\n\t\t\t<div class=\"wpb_wrapper\">\r\n\t\t\t\n\t<div  class=\"wpb_single_image wpb_content_element vc_align_center\">\n\t\t\n\t\t<figure class=\"wpb_wrapper vc_figure\">\n\t\t\t<a class=\"\" data-lightbox=\"lightbox[rel-13482-585053341]\" href=\"https:\/\/www.arietepersonal.cz\/wp-content\/uploads\/2020\/05\/ISO-9001_2008-ARIETE-Bulgaria-783x1024.png\" target=\"_self\" class=\"vc_single_image-wrapper   vc_box_border_grey\"><img loading=\"lazy\" decoding=\"async\" width=\"115\" height=\"150\" src=\"https:\/\/www.arietepersonal.cz\/wp-content\/uploads\/2020\/05\/ISO-9001_2008-ARIETE-Bulgaria-115x150.png\" class=\"vc_single_image-img attachment-thumbnail\" alt=\"\" title=\"ISO 9001_2008 ARIETE Bulgaria\" srcset=\"https:\/\/www.arietepersonal.cz\/wp-content\/uploads\/2020\/05\/ISO-9001_2008-ARIETE-Bulgaria-115x150.png 115w, https:\/\/www.arietepersonal.cz\/wp-content\/uploads\/2020\/05\/ISO-9001_2008-ARIETE-Bulgaria-229x300.png 229w, https:\/\/www.arietepersonal.cz\/wp-content\/uploads\/2020\/05\/ISO-9001_2008-ARIETE-Bulgaria-783x1024.png 783w, https:\/\/www.arietepersonal.cz\/wp-content\/uploads\/2020\/05\/ISO-9001_2008-ARIETE-Bulgaria-768x1005.png 768w, https:\/\/www.arietepersonal.cz\/wp-content\/uploads\/2020\/05\/ISO-9001_2008-ARIETE-Bulgaria-770x1008.png 770w, https:\/\/www.arietepersonal.cz\/wp-content\/uploads\/2020\/05\/ISO-9001_2008-ARIETE-Bulgaria.png 1024w\" sizes=\"auto, (max-width: 115px) 100vw, 115px\" data-id=\"13508\" \/><\/a>\n\t\t<\/figure>\n\t<\/div>\n\n\t<div class=\"wpb_text_column wpb_content_element \" >\n\t\t<div class=\"wpb_wrapper\">\n\t\t\t<p style=\"text-align: center;\"><strong>ISO 9001-2008 ARIETE Bulgaria<\/strong><\/p>\n\n\t\t<\/div>\n\t<\/div>\n\t\t<\/div>\r\n\t<\/div>\r\n<\/div>\r\n<div class=\"wpb_column vc_column_container vc_col-sm-4 thsn-column thsn-bg-color-yes thsn-bg-color-transparent thsn-zindex-zero\">\r\n\t<div class=\"vc_column-inner \">\r\n\t\t\t<div class=\"wpb_wrapper\">\r\n\t\t\t\n\t<div  class=\"wpb_single_image wpb_content_element vc_align_center\">\n\t\t\n\t\t<figure class=\"wpb_wrapper vc_figure\">\n\t\t\t<a class=\"\" data-lightbox=\"lightbox[rel-13482-2949283231]\" href=\"https:\/\/www.arietepersonal.cz\/wp-content\/uploads\/2020\/05\/ISO-16-949-ARIETE-BG-plant-Haskovo-725x1024.png\" target=\"_self\" class=\"vc_single_image-wrapper   vc_box_border_grey\"><img loading=\"lazy\" decoding=\"async\" width=\"106\" height=\"150\" src=\"https:\/\/www.arietepersonal.cz\/wp-content\/uploads\/2020\/05\/ISO-16-949-ARIETE-BG-plant-Haskovo-106x150.png\" class=\"vc_single_image-img attachment-thumbnail\" alt=\"\" title=\"ISO 16 949 ARIETE BG - plant Haskovo\" srcset=\"https:\/\/www.arietepersonal.cz\/wp-content\/uploads\/2020\/05\/ISO-16-949-ARIETE-BG-plant-Haskovo-106x150.png 106w, https:\/\/www.arietepersonal.cz\/wp-content\/uploads\/2020\/05\/ISO-16-949-ARIETE-BG-plant-Haskovo-212x300.png 212w, https:\/\/www.arietepersonal.cz\/wp-content\/uploads\/2020\/05\/ISO-16-949-ARIETE-BG-plant-Haskovo-725x1024.png 725w, https:\/\/www.arietepersonal.cz\/wp-content\/uploads\/2020\/05\/ISO-16-949-ARIETE-BG-plant-Haskovo-768x1085.png 768w, https:\/\/www.arietepersonal.cz\/wp-content\/uploads\/2020\/05\/ISO-16-949-ARIETE-BG-plant-Haskovo-770x1088.png 770w, https:\/\/www.arietepersonal.cz\/wp-content\/uploads\/2020\/05\/ISO-16-949-ARIETE-BG-plant-Haskovo.png 852w\" sizes=\"auto, (max-width: 106px) 100vw, 106px\" data-id=\"13509\" \/><\/a>\n\t\t<\/figure>\n\t<\/div>\n\n\t<div class=\"wpb_text_column wpb_content_element \" >\n\t\t<div class=\"wpb_wrapper\">\n\t\t\t<p style=\"text-align: center;\"><strong>ISO 16 949 ARIETE BG \u2013 plant Haskovo<\/strong><\/p>\n\n\t\t<\/div>\n\t<\/div>\n\t\t<\/div>\r\n\t<\/div>\r\n<\/div>\r\n<\/div>\n","protected":false},"excerpt":{"rendered":"IS0 28000-2007 ARIETE automotive CZ ISO 9001-2008 ARIETE automotive CZ ISO 9001-2008 ARIETE personal CZ ISO 9001-2008 Chr\u00e1n\u011bn\u00e1 d\u00edlna CZ ISO 9001-2008 ARIETE Bulgaria ISO 16 949 ARIETE BG - plant Haskovo","protected":false},"author":2,"featured_media":0,"parent":0,"menu_order":0,"comment_status":"closed","ping_status":"closed","template":"","meta":{"_acf_changed":false,"footnotes":""},"class_list":["post-13482","page","type-page","status-publish","hentry"],"acf":[],"yoast_head":"<!-- This site is optimized with the Yoast SEO plugin v27.6 - https:\/\/yoast.com\/product\/yoast-seo-wordpress\/ -->\n<title>Ariete Personal s.r.o. - Certifikace ISO<\/title>\n<meta name=\"robots\" content=\"index, follow, max-snippet:-1, max-image-preview:large, max-video-preview:-1\" \/>\n<link rel=\"canonical\" href=\"https:\/\/www.arietepersonal.cz\/en\/certifikace-iso\/\" \/>\n<meta property=\"og:locale\" content=\"en_US\" \/>\n<meta property=\"og:type\" content=\"article\" \/>\n<meta property=\"og:title\" content=\"Ariete Personal s.r.o. - Certifikace ISO\" \/>\n<meta property=\"og:url\" content=\"https:\/\/www.arietepersonal.cz\/en\/certifikace-iso\/\" \/>\n<meta property=\"og:site_name\" content=\"Ariete Personal s.r.o.\" \/>\n<meta property=\"article:modified_time\" content=\"2021-01-26T15:44:20+00:00\" \/>\n<meta name=\"twitter:card\" content=\"summary_large_image\" \/>\n<script type=\"application\/ld+json\" class=\"yoast-schema-graph\">{\"@context\":\"https:\\\/\\\/schema.org\",\"@graph\":[{\"@type\":\"WebPage\",\"@id\":\"https:\\\/\\\/www.arietepersonal.cz\\\/en\\\/certifikace-iso\\\/\",\"url\":\"https:\\\/\\\/www.arietepersonal.cz\\\/en\\\/certifikace-iso\\\/\",\"name\":\"Ariete Personal s.r.o. - Certifikace ISO\",\"isPartOf\":{\"@id\":\"https:\\\/\\\/www.arietepersonal.cz\\\/en\\\/#website\"},\"datePublished\":\"2020-05-01T16:41:00+00:00\",\"dateModified\":\"2021-01-26T15:44:20+00:00\",\"breadcrumb\":{\"@id\":\"https:\\\/\\\/www.arietepersonal.cz\\\/en\\\/certifikace-iso\\\/#breadcrumb\"},\"inLanguage\":\"en-US\",\"potentialAction\":[{\"@type\":\"ReadAction\",\"target\":[\"https:\\\/\\\/www.arietepersonal.cz\\\/en\\\/certifikace-iso\\\/\"]}]},{\"@type\":\"BreadcrumbList\",\"@id\":\"https:\\\/\\\/www.arietepersonal.cz\\\/en\\\/certifikace-iso\\\/#breadcrumb\",\"itemListElement\":[{\"@type\":\"ListItem\",\"position\":1,\"name\":\"Dom\u016f\",\"item\":\"https:\\\/\\\/www.arietepersonal.cz\\\/en\\\/\"},{\"@type\":\"ListItem\",\"position\":2,\"name\":\"Certifikace ISO\"}]},{\"@type\":\"WebSite\",\"@id\":\"https:\\\/\\\/www.arietepersonal.cz\\\/en\\\/#website\",\"url\":\"https:\\\/\\\/www.arietepersonal.cz\\\/en\\\/\",\"name\":\"Ariete Personal s.r.o.\",\"description\":\"person\u00e1ln\u00ed agentura\",\"publisher\":{\"@id\":\"https:\\\/\\\/www.arietepersonal.cz\\\/en\\\/#organization\"},\"potentialAction\":[{\"@type\":\"SearchAction\",\"target\":{\"@type\":\"EntryPoint\",\"urlTemplate\":\"https:\\\/\\\/www.arietepersonal.cz\\\/en\\\/?s={search_term_string}\"},\"query-input\":{\"@type\":\"PropertyValueSpecification\",\"valueRequired\":true,\"valueName\":\"search_term_string\"}}],\"inLanguage\":\"en-US\"},{\"@type\":\"Organization\",\"@id\":\"https:\\\/\\\/www.arietepersonal.cz\\\/en\\\/#organization\",\"name\":\"ARIETE Personal s.r.o.\",\"url\":\"https:\\\/\\\/www.arietepersonal.cz\\\/en\\\/\",\"logo\":{\"@type\":\"ImageObject\",\"inLanguage\":\"en-US\",\"@id\":\"https:\\\/\\\/www.arietepersonal.cz\\\/en\\\/#\\\/schema\\\/logo\\\/image\\\/\",\"url\":\"https:\\\/\\\/www.arietepersonal.cz\\\/wp-content\\\/uploads\\\/2020\\\/02\\\/Logo-personal.png\",\"contentUrl\":\"https:\\\/\\\/www.arietepersonal.cz\\\/wp-content\\\/uploads\\\/2020\\\/02\\\/Logo-personal.png\",\"width\":200,\"height\":70,\"caption\":\"ARIETE Personal s.r.o.\"},\"image\":{\"@id\":\"https:\\\/\\\/www.arietepersonal.cz\\\/en\\\/#\\\/schema\\\/logo\\\/image\\\/\"}}]}<\/script>\n<!-- \/ Yoast SEO plugin. -->","yoast_head_json":{"title":"Ariete Personal s.r.o. - Certifikace ISO","robots":{"index":"index","follow":"follow","max-snippet":"max-snippet:-1","max-image-preview":"max-image-preview:large","max-video-preview":"max-video-preview:-1"},"canonical":"https:\/\/www.arietepersonal.cz\/en\/certifikace-iso\/","og_locale":"en_US","og_type":"article","og_title":"Ariete Personal s.r.o. - Certifikace ISO","og_url":"https:\/\/www.arietepersonal.cz\/en\/certifikace-iso\/","og_site_name":"Ariete Personal s.r.o.","article_modified_time":"2021-01-26T15:44:20+00:00","twitter_card":"summary_large_image","schema":{"@context":"https:\/\/schema.org","@graph":[{"@type":"WebPage","@id":"https:\/\/www.arietepersonal.cz\/en\/certifikace-iso\/","url":"https:\/\/www.arietepersonal.cz\/en\/certifikace-iso\/","name":"Ariete Personal s.r.o. - Certifikace ISO","isPartOf":{"@id":"https:\/\/www.arietepersonal.cz\/en\/#website"},"datePublished":"2020-05-01T16:41:00+00:00","dateModified":"2021-01-26T15:44:20+00:00","breadcrumb":{"@id":"https:\/\/www.arietepersonal.cz\/en\/certifikace-iso\/#breadcrumb"},"inLanguage":"en-US","potentialAction":[{"@type":"ReadAction","target":["https:\/\/www.arietepersonal.cz\/en\/certifikace-iso\/"]}]},{"@type":"BreadcrumbList","@id":"https:\/\/www.arietepersonal.cz\/en\/certifikace-iso\/#breadcrumb","itemListElement":[{"@type":"ListItem","position":1,"name":"Dom\u016f","item":"https:\/\/www.arietepersonal.cz\/en\/"},{"@type":"ListItem","position":2,"name":"Certifikace ISO"}]},{"@type":"WebSite","@id":"https:\/\/www.arietepersonal.cz\/en\/#website","url":"https:\/\/www.arietepersonal.cz\/en\/","name":"Ariete Personal s.r.o.","description":"person\u00e1ln\u00ed agentura","publisher":{"@id":"https:\/\/www.arietepersonal.cz\/en\/#organization"},"potentialAction":[{"@type":"SearchAction","target":{"@type":"EntryPoint","urlTemplate":"https:\/\/www.arietepersonal.cz\/en\/?s={search_term_string}"},"query-input":{"@type":"PropertyValueSpecification","valueRequired":true,"valueName":"search_term_string"}}],"inLanguage":"en-US"},{"@type":"Organization","@id":"https:\/\/www.arietepersonal.cz\/en\/#organization","name":"ARIETE Personal s.r.o.","url":"https:\/\/www.arietepersonal.cz\/en\/","logo":{"@type":"ImageObject","inLanguage":"en-US","@id":"https:\/\/www.arietepersonal.cz\/en\/#\/schema\/logo\/image\/","url":"https:\/\/www.arietepersonal.cz\/wp-content\/uploads\/2020\/02\/Logo-personal.png","contentUrl":"https:\/\/www.arietepersonal.cz\/wp-content\/uploads\/2020\/02\/Logo-personal.png","width":200,"height":70,"caption":"ARIETE Personal s.r.o."},"image":{"@id":"https:\/\/www.arietepersonal.cz\/en\/#\/schema\/logo\/image\/"}}]}},"_links":{"self":[{"href":"https:\/\/www.arietepersonal.cz\/en\/wp-json\/wp\/v2\/pages\/13482","targetHints":{"allow":["GET"]}}],"collection":[{"href":"https:\/\/www.arietepersonal.cz\/en\/wp-json\/wp\/v2\/pages"}],"about":[{"href":"https:\/\/www.arietepersonal.cz\/en\/wp-json\/wp\/v2\/types\/page"}],"author":[{"embeddable":true,"href":"https:\/\/www.arietepersonal.cz\/en\/wp-json\/wp\/v2\/users\/2"}],"replies":[{"embeddable":true,"href":"https:\/\/www.arietepersonal.cz\/en\/wp-json\/wp\/v2\/comments?post=13482"}],"version-history":[{"count":9,"href":"https:\/\/www.arietepersonal.cz\/en\/wp-json\/wp\/v2\/pages\/13482\/revisions"}],"predecessor-version":[{"id":14061,"href":"https:\/\/www.arietepersonal.cz\/en\/wp-json\/wp\/v2\/pages\/13482\/revisions\/14061"}],"wp:attachment":[{"href":"https:\/\/www.arietepersonal.cz\/en\/wp-json\/wp\/v2\/media?parent=13482"}],"curies":[{"name":"wp","href":"https:\/\/api.w.org\/{rel}","templated":true}]}}