{"id":13618,"date":"2020-05-04T23:48:52","date_gmt":"2020-05-04T21:48:52","guid":{"rendered":"http:\/\/arietepersonal.webambulance.cz\/?page_id=13618"},"modified":"2022-11-19T19:10:03","modified_gmt":"2022-11-19T18:10:03","slug":"o-nas","status":"publish","type":"page","link":"https:\/\/www.arietepersonal.cz\/en\/o-nas\/","title":{"rendered":"About us"},"content":{"rendered":"<div data-vc-full-width=\"true\" data-vc-full-width-init=\"false\" class=\"vc_row wpb_row vc_row-fluid vc_custom_1611917393430 thsn-row thsn-bg-color-yes thsn-bg-color-white thsn-zindex-zero thsn-bgimage-position-center-center thsn-bgimage-yes thsn-bgimage-over-bgcolor vc_row-has-fill\">\r\n\t\t\t<div class=\"wpb_column vc_column_container vc_col-sm-2 thsn-column thsn-bg-color-yes thsn-bg-color-transparent thsn-zindex-zero\">\r\n\t<div class=\"vc_column-inner\">\r\n\t\t\t<div class=\"wpb_wrapper\">\r\n\t\t\t\t\t<\/div>\r\n\t<\/div>\r\n<\/div>\r\n<div class=\"wpb_column vc_column_container vc_col-sm-8 thsn-column thsn-bg-color-yes thsn-bg-color-transparent thsn-zindex-zero\">\r\n\t<div class=\"vc_column-inner\">\r\n\t\t\t<div class=\"wpb_wrapper\">\r\n\t\t\t\n\t<div class=\"wpb_text_column wpb_content_element  vc_custom_1668881179285\" >\n\t\t<div class=\"wpb_wrapper\">\n\t\t\t<div class=\"subnadpis\">\n<h4 class=\"subnadpis\">Ariete Personal is part of the<\/h4>\n<\/div>\n\n\t\t<\/div>\n\t<\/div>\n\n\t<div class=\"wpb_text_column wpb_content_element\" >\n\t\t<div class=\"wpb_wrapper\">\n\t\t\t<div class=\"novynadpis\">\n<h2 class=\"novynadpis\"><strong>ARIETE<\/strong> group<\/h2>\n<\/div>\n\n\t\t<\/div>\n\t<\/div>\n\n\t<div class=\"wpb_text_column wpb_content_element\" >\n\t\t<div class=\"wpb_wrapper\">\n\t\t\t<p>Production. Warehouse management. Complex logistics. Transport. Despatch. Outsourced purchasing. Personnel agency. Executive search. Temporary staffing service. Facility management.  Occupational health and safety. Fire protection. Environmental protection.<\/p>\n<p>There are certainly other areas of corporate life. However, we are mainly active in those described above, which we provide for a wide range of our clients. We don't do everything, but we can and know what we provide.<\/p>\n<p>The <strong>ARIETE GROUP<\/strong> companies represent a unique combination of skills and experience of its employees and owners. The company's executives represent more than 200 years of hard work in diverse companies and positions.<\/p>\n<p>We do our best to meet even the unexpected and ensure the agreed service under all circumstances.<\/p>\n\n\t\t<\/div>\n\t<\/div>\n\t\t<\/div>\r\n\t<\/div>\r\n<\/div>\r\n<div class=\"wpb_column vc_column_container vc_col-sm-2 thsn-column thsn-bg-color-yes thsn-bg-color-transparent thsn-zindex-zero\">\r\n\t<div class=\"vc_column-inner\">\r\n\t\t\t<div class=\"wpb_wrapper\">\r\n\t\t\t\t\t<\/div>\r\n\t<\/div>\r\n<\/div>\r\n<\/div>\r\n<div class=\"vc_row-full-width vc_clearfix\"><\/div><div data-vc-full-width=\"true\" data-vc-full-width-init=\"false\" class=\"vc_row wpb_row vc_row-fluid thsn-two-colum-view-991-to-768 vc_custom_1569934916106 thsn-row thsn-text-color-yes thsn-text-color-white thsn-bg-color-yes thsn-bg-color-gradientcolor thsn-zindex-zero\">\r\n\t\t\t<div class=\"wpb_column vc_column_container vc_col-sm-3 thsn-column thsn-bg-color-yes thsn-bg-color-transparent thsn-zindex-zero\">\r\n\t<div class=\"vc_column-inner\">\r\n\t\t\t<div class=\"wpb_wrapper\">\r\n\t\t\t<div  class=\"themesion-ele themesion-ele-fid themesion-ele-fid-style-1\"><div class=\"thsn-fld-contents d-flex align-items-center\">\r\n\t<div class=\"thsn-sbox-icon-wrapper\"><i class=\"thsn-mentry-icon thsn-mentry-icon-pin\"><\/i><\/div>\t<div class=\"thsn-fld-wrap\">\r\n\t\t<h4 class=\"thsn-fid-inner\">\r\n\t\t\t\t\t\t<span\r\n\t\t\t\tclass\t\t\t\t  = \"thsn-number-rotate\"\r\n\t\t\t\tdata-appear-animation = \"animateDigits\"\r\n\t\t\t\tdata-from             = \"0\"\r\n\t\t\t\tdata-to               = \"3\"\r\n\t\t\t\tdata-interval         = \"1\"\r\n\t\t\t\tdata-before           = \"\"\r\n\t\t\t\tdata-before-style     = \"\"\r\n\t\t\t\tdata-after            = \"\"\r\n\t\t\t\tdata-after-style      = \"\"\r\n\t\t\t\t>\r\n\t\t\t\t\t3\t\t\t<\/span>\r\n\t\t\t<span class=\"thsn-fid-sub\"><\/span>\r\n\t\t<\/h4>\r\n\t\t\t\t<h3 class=\"thsn-fid-title\"><span>COUNTRIES WHERE WE OPERATE<br><\/span><\/h3>\r\n\t\t\t<\/div>\r\n<\/div><!-- .thsn-fld-contents -->\r\n<\/div>\t\t<\/div>\r\n\t<\/div>\r\n<\/div>\r\n<div class=\"wpb_column vc_column_container vc_col-sm-3 thsn-column thsn-bg-color-yes thsn-bg-color-transparent thsn-zindex-zero thsn-responsive-custom-78066078\">\r\n\t<div class=\"vc_column-inner\">\r\n\t\t\t<div class=\"wpb_wrapper\">\r\n\t\t\t<div  class=\"themesion-ele themesion-ele-fid themesion-ele-fid-style-1\"><div class=\"thsn-fld-contents d-flex align-items-center\">\r\n\t<div class=\"thsn-sbox-icon-wrapper\"><i class=\"thsn-mentry-icon thsn-mentry-icon-agreement\"><\/i><\/div>\t<div class=\"thsn-fld-wrap\">\r\n\t\t<h4 class=\"thsn-fid-inner\">\r\n\t\t\t\t\t\t<span\r\n\t\t\t\tclass\t\t\t\t  = \"thsn-number-rotate\"\r\n\t\t\t\tdata-appear-animation = \"animateDigits\"\r\n\t\t\t\tdata-from             = \"0\"\r\n\t\t\t\tdata-to               = \"635\"\r\n\t\t\t\tdata-interval         = \"5\"\r\n\t\t\t\tdata-before           = \"\"\r\n\t\t\t\tdata-before-style     = \"\"\r\n\t\t\t\tdata-after            = \"\"\r\n\t\t\t\tdata-after-style      = \"\"\r\n\t\t\t\t>\r\n\t\t\t\t\t635\t\t\t<\/span>\r\n\t\t\t<span class=\"thsn-fid-sub\"><\/span>\r\n\t\t<\/h4>\r\n\t\t\t\t<h3 class=\"thsn-fid-title\"><span>SATISFIED CLIENTS<br><\/span><\/h3>\r\n\t\t\t<\/div>\r\n<\/div><!-- .thsn-fld-contents -->\r\n<\/div>\t\t<\/div>\r\n\t<\/div>\r\n<\/div>\r\n<div class=\"wpb_column vc_column_container vc_col-sm-3 thsn-column thsn-bg-color-yes thsn-bg-color-transparent thsn-zindex-zero thsn-responsive-custom-25234553\">\r\n\t<div class=\"vc_column-inner\">\r\n\t\t\t<div class=\"wpb_wrapper\">\r\n\t\t\t<div  class=\"themesion-ele themesion-ele-fid themesion-ele-fid-style-1\"><div class=\"thsn-fld-contents d-flex align-items-center\">\r\n\t<div class=\"thsn-sbox-icon-wrapper\"><i class=\"thsn-mentry-icon thsn-mentry-icon-diamond\"><\/i><\/div>\t<div class=\"thsn-fld-wrap\">\r\n\t\t<h4 class=\"thsn-fid-inner\">\r\n\t\t\t\t\t\t<span\r\n\t\t\t\tclass\t\t\t\t  = \"thsn-number-rotate\"\r\n\t\t\t\tdata-appear-animation = \"animateDigits\"\r\n\t\t\t\tdata-from             = \"0\"\r\n\t\t\t\tdata-to               = \"14\"\r\n\t\t\t\tdata-interval         = \"5\"\r\n\t\t\t\tdata-before           = \"\"\r\n\t\t\t\tdata-before-style     = \"\"\r\n\t\t\t\tdata-after            = \"\"\r\n\t\t\t\tdata-after-style      = \"\"\r\n\t\t\t\t>\r\n\t\t\t\t\t14\t\t\t<\/span>\r\n\t\t\t<span class=\"thsn-fid-sub\"><\/span>\r\n\t\t<\/h4>\r\n\t\t\t\t<h3 class=\"thsn-fid-title\"><span>SUCCESSFUL YEARS<br><\/span><\/h3>\r\n\t\t\t<\/div>\r\n<\/div><!-- .thsn-fld-contents -->\r\n<\/div>\t\t<\/div>\r\n\t<\/div>\r\n<\/div>\r\n<div class=\"wpb_column vc_column_container vc_col-sm-3 thsn-column thsn-bg-color-yes thsn-bg-color-transparent thsn-zindex-zero thsn-responsive-custom-79903881\">\r\n\t<div class=\"vc_column-inner\">\r\n\t\t\t<div class=\"wpb_wrapper\">\r\n\t\t\t<div  class=\"themesion-ele themesion-ele-fid themesion-ele-fid-style-1\"><div class=\"thsn-fld-contents d-flex align-items-center\">\r\n\t<div class=\"thsn-sbox-icon-wrapper\"><i class=\"thsn-mentry-icon thsn-mentry-icon-loan-4\"><\/i><\/div>\t<div class=\"thsn-fld-wrap\">\r\n\t\t<h4 class=\"thsn-fid-inner\">\r\n\t\t\t\t\t\t<span\r\n\t\t\t\tclass\t\t\t\t  = \"thsn-number-rotate\"\r\n\t\t\t\tdata-appear-animation = \"animateDigits\"\r\n\t\t\t\tdata-from             = \"0\"\r\n\t\t\t\tdata-to               = \"3086\"\r\n\t\t\t\tdata-interval         = \"5\"\r\n\t\t\t\tdata-before           = \"\"\r\n\t\t\t\tdata-before-style     = \"\"\r\n\t\t\t\tdata-after            = \"\"\r\n\t\t\t\tdata-after-style      = \"\"\r\n\t\t\t\t>\r\n\t\t\t\t\t3086\t\t\t<\/span>\r\n\t\t\t<span class=\"thsn-fid-sub\"><\/span>\r\n\t\t<\/h4>\r\n\t\t\t\t<h3 class=\"thsn-fid-title\"><span>M2 OF STORAGE AREAS<br><\/span><\/h3>\r\n\t\t\t<\/div>\r\n<\/div><!-- .thsn-fld-contents -->\r\n<\/div>\t\t<\/div>\r\n\t<\/div>\r\n<\/div>\r\n<\/div>\r\n<div class=\"vc_row-full-width vc_clearfix\"><\/div><div class=\"vc_row wpb_row vc_row-fluid vc_custom_1588888378768 thsn-row thsn-bg-color-yes thsn-bg-color-transparent thsn-zindex-zero\">\r\n\t\t\t<div class=\"wpb_column vc_column_container vc_col-sm-2 thsn-column thsn-bg-color-yes thsn-bg-color-transparent thsn-zindex-zero\">\r\n\t<div class=\"vc_column-inner\">\r\n\t\t\t<div class=\"wpb_wrapper\">\r\n\t\t\t\t\t<\/div>\r\n\t<\/div>\r\n<\/div>\r\n<div class=\"wpb_column vc_column_container vc_col-sm-8 thsn-column thsn-bg-color-yes thsn-bg-color-transparent thsn-zindex-zero\">\r\n\t<div class=\"vc_column-inner\">\r\n\t\t\t<div class=\"wpb_wrapper\">\r\n\t\t\t\n\t<div class=\"wpb_text_column wpb_content_element  vc_custom_1668881384645\" >\n\t\t<div class=\"wpb_wrapper\">\n\t\t\t<div class=\"subnadpis\" style=\"text-align: center;\">\n<h4 class=\"subnadpis\">under the magnifying glass<\/h4>\n<\/div>\n\n\t\t<\/div>\n\t<\/div>\n\n\t<div class=\"wpb_text_column wpb_content_element\" >\n\t\t<div class=\"wpb_wrapper\">\n\t\t\t<div class=\"novynadpis3\">\n<h2 class=\"novynadpis3\" style=\"text-align: center;\">Elements of the <strong> ARIETE group<\/strong><\/h2>\n<\/div>\n\n\t\t<\/div>\n\t<\/div>\n<div  class=\"themesion-element themesion-element-static_box thsn-element-static_box-style-2 themesion-element-viewtype-row-column thsn-divider\" data-show=\"3\" data-columns=\"2\" data-loop=\"false\" data-autoplay=\"false\" data-center=\"false\" data-nav=\"false\" data-dots=\"false\" data-autoplayspeed=\"1000\" data-margin=\"\"><div class=\"themesion-element-inner\"><div class=\"thsn-element-posts-wrapper row multi-columns-row\"><div class=\"thsn-ele thsn-staticbox-ele col-md-6\"><div class=\"thsn-static-box thsn-static-box-style-2\">\r\n\t<img loading=\"lazy\" decoding=\"async\" width=\"157\" height=\"64\" src=\"https:\/\/www.arietepersonal.cz\/wp-content\/uploads\/2020\/11\/automotive.png\" class=\"thsn_vc_single_image-img attachment-full\" alt=\"\" title=\"automotive\" srcset=\"https:\/\/www.arietepersonal.cz\/wp-content\/uploads\/2020\/11\/automotive.png 157w, https:\/\/www.arietepersonal.cz\/wp-content\/uploads\/2020\/11\/automotive-150x61.png 150w\" sizes=\"auto, (max-width: 157px) 100vw, 157px\" data-id=\"13888\" \/>\t<div class=\"themesion-box-title\"><h4><a href=\"https:\/\/www.ariete-group.eu\/cz\/aktivity\/ariete-vyroba\/\" target=\"_blank\" rel=\"nofollow noopener\">Ariete Automotive<\/a><\/h4><\/div>\t<div class=\"themesion-static-box-desc\">We employ more than 400 employees in various production processes on an area of \u200b\u200bmore than 12,000 m2.<\/div><\/div><\/div><div class=\"thsn-ele thsn-staticbox-ele col-md-6\"><div class=\"thsn-static-box thsn-static-box-style-2\">\r\n\t<img loading=\"lazy\" decoding=\"async\" width=\"157\" height=\"64\" src=\"https:\/\/www.arietepersonal.cz\/wp-content\/uploads\/2020\/11\/chranena-dilna.png\" class=\"thsn_vc_single_image-img attachment-full\" alt=\"\" title=\"chranena-dilna\" srcset=\"https:\/\/www.arietepersonal.cz\/wp-content\/uploads\/2020\/11\/chranena-dilna.png 157w, https:\/\/www.arietepersonal.cz\/wp-content\/uploads\/2020\/11\/chranena-dilna-150x61.png 150w\" sizes=\"auto, (max-width: 157px) 100vw, 157px\" data-id=\"13889\" \/>\t<div class=\"themesion-box-title\"><h4><a href=\"https:\/\/www.chranene-pracoviste.cz\/\" target=\"_blank\" rel=\"nofollow noopener\">Ariete Protected Workshop<\/a><\/h4><\/div>\t<div class=\"themesion-static-box-desc\">We specialize in sorting, inspection, light assembly, repackaging, small repairs and parts modifications.<\/div><\/div><\/div><div class=\"thsn-ele thsn-staticbox-ele col-md-6\"><div class=\"thsn-static-box thsn-static-box-style-2\">\r\n\t<img loading=\"lazy\" decoding=\"async\" width=\"157\" height=\"64\" src=\"https:\/\/www.arietepersonal.cz\/wp-content\/uploads\/2020\/11\/ubytovani.jpg\" class=\"thsn_vc_single_image-img attachment-full\" alt=\"\" title=\"ubytovani\" srcset=\"https:\/\/www.arietepersonal.cz\/wp-content\/uploads\/2020\/11\/ubytovani.jpg 157w, https:\/\/www.arietepersonal.cz\/wp-content\/uploads\/2020\/11\/ubytovani-150x61.jpg 150w\" sizes=\"auto, (max-width: 157px) 100vw, 157px\" data-id=\"13892\" \/>\t<div class=\"themesion-box-title\"><h4><a href=\"https:\/\/www.ariete-group.eu\/cz\/aktivity\/ubytovani-mlada-boleslav\/\" target=\"_blank\" rel=\"nofollow noopener\">Ariete Accommodation<\/h4><\/div>\t<div class=\"themesion-static-box-desc\">With our own accommodation in central Bohemia, we solve the lack of accommodation capacity for our employees and other companies.<\/div><\/div><\/div><div class=\"thsn-ele thsn-staticbox-ele col-md-6\"><div class=\"thsn-static-box thsn-static-box-style-2\">\r\n\t<img loading=\"lazy\" decoding=\"async\" width=\"157\" height=\"64\" src=\"https:\/\/www.arietepersonal.cz\/wp-content\/uploads\/2020\/11\/bulgaria.jpg\" class=\"thsn_vc_single_image-img attachment-full\" alt=\"\" title=\"bulgaria\" srcset=\"https:\/\/www.arietepersonal.cz\/wp-content\/uploads\/2020\/11\/bulgaria.jpg 157w, https:\/\/www.arietepersonal.cz\/wp-content\/uploads\/2020\/11\/bulgaria-150x61.jpg 150w\" sizes=\"auto, (max-width: 157px) 100vw, 157px\" data-id=\"13893\" \/>\t<div class=\"themesion-box-title\"><h4><a href=\"https:\/\/www.ariete-group.eu\/cz\/aktivity\/ariete-bulgaria\/\" target=\"_blank\" rel=\"nofollow noopener\">Ariete Bulgaria<\/a><\/h4><\/div>\t<div class=\"themesion-static-box-desc\">n our own logistics centres in Bulgaria, we provide comprehensive logistics and production services. <\/div><\/div><\/div><div class=\"thsn-ele thsn-staticbox-ele col-md-6\"><div class=\"thsn-static-box thsn-static-box-style-2\">\r\n\t<img loading=\"lazy\" decoding=\"async\" width=\"157\" height=\"64\" src=\"https:\/\/www.arietepersonal.cz\/wp-content\/uploads\/2020\/11\/slovensko.jpg\" class=\"thsn_vc_single_image-img attachment-full\" alt=\"\" title=\"slovensko\" srcset=\"https:\/\/www.arietepersonal.cz\/wp-content\/uploads\/2020\/11\/slovensko.jpg 157w, https:\/\/www.arietepersonal.cz\/wp-content\/uploads\/2020\/11\/slovensko-150x61.jpg 150w\" sizes=\"auto, (max-width: 157px) 100vw, 157px\" data-id=\"13894\" \/>\t<div class=\"themesion-box-title\"><h4><a href=\"http:\/\/www.proactpeople.sk\/\" target=\"_blank\" rel=\"nofollow noopener\">Ariete Slovakia<\/a><\/h4><\/div>\t<div class=\"themesion-static-box-desc\">We focus primarily on temporary placement of personnel as well as hard-to-fill blue-collar professions.<\/div><\/div><\/div><\/div><!-- .row multi-columns-row themesion-boxes-row-wrapper -->  <\/div><!-- .themesion-element-inner -->   <\/div><!-- .themesion-element -->  \t\t<\/div>\r\n\t<\/div>\r\n<\/div>\r\n<div class=\"wpb_column vc_column_container vc_col-sm-2 thsn-column thsn-bg-color-yes thsn-bg-color-transparent thsn-zindex-zero\">\r\n\t<div class=\"vc_column-inner\">\r\n\t\t\t<div class=\"wpb_wrapper\">\r\n\t\t\t\t\t<\/div>\r\n\t<\/div>\r\n<\/div>\r\n<\/div>","protected":false},"excerpt":{"rendered":"Ariete Personal je sou\u010d\u00e1st\u00ed ARIETE group V\u00fdroba. Skladov\u00e9 hospod\u00e1\u0159stv\u00ed. Komplexn\u00ed logistika. Doprava. Expedice. Outsourcovan\u00fd n\u00e1kup. Person\u00e1ln\u00ed agentura. Executive search. Slu\u017eba do\u010dasn\u00e9ho p\u0159id\u011blen\u00ed person\u00e1lu. Facility management.\u00a0 Bezpe\u010dnost a ochrana zdrav\u00ed p\u0159i pr\u00e1ci. Po\u017e\u00e1rn\u00ed ochrana. Ochrana \u017eivotn\u00edho prost\u0159ed\u00ed. Zcela jist\u011b existuj\u00ed i dal\u0161\u00ed oblasti firemn\u00edho nebo podnikov\u00e9ho \u017eivota. My jsme v\u0161ak aktivn\u00ed p\u0159edev\u0161\u00edm v t\u011bch v\u00fd\u0161e popsan\u00fdch, [...]","protected":false},"author":2,"featured_media":0,"parent":0,"menu_order":0,"comment_status":"closed","ping_status":"closed","template":"","meta":{"_acf_changed":false,"footnotes":""},"class_list":["post-13618","page","type-page","status-publish","hentry"],"acf":[],"yoast_head":"<!-- This site is optimized with the Yoast SEO plugin v27.5 - https:\/\/yoast.com\/product\/yoast-seo-wordpress\/ -->\n<title>Ariete Personal s.r.o. - O n\u00e1s<\/title>\n<meta name=\"robots\" content=\"index, follow, max-snippet:-1, max-image-preview:large, max-video-preview:-1\" \/>\n<link rel=\"canonical\" href=\"https:\/\/www.arietepersonal.cz\/en\/o-nas\/\" \/>\n<meta property=\"og:locale\" content=\"en_US\" \/>\n<meta property=\"og:type\" content=\"article\" \/>\n<meta property=\"og:title\" content=\"Ariete Personal s.r.o. - O n\u00e1s\" \/>\n<meta property=\"og:url\" content=\"https:\/\/www.arietepersonal.cz\/en\/o-nas\/\" \/>\n<meta property=\"og:site_name\" content=\"Ariete Personal s.r.o.\" \/>\n<meta property=\"article:modified_time\" content=\"2022-11-19T18:10:03+00:00\" \/>\n<meta name=\"twitter:card\" content=\"summary_large_image\" \/>\n<script type=\"application\/ld+json\" class=\"yoast-schema-graph\">{\"@context\":\"https:\\\/\\\/schema.org\",\"@graph\":[{\"@type\":\"WebPage\",\"@id\":\"https:\\\/\\\/www.arietepersonal.cz\\\/o-nas\\\/\",\"url\":\"https:\\\/\\\/www.arietepersonal.cz\\\/o-nas\\\/\",\"name\":\"Ariete Personal s.r.o. - O n\u00e1s\",\"isPartOf\":{\"@id\":\"https:\\\/\\\/www.arietepersonal.cz\\\/en\\\/#website\"},\"datePublished\":\"2020-05-04T21:48:52+00:00\",\"dateModified\":\"2022-11-19T18:10:03+00:00\",\"breadcrumb\":{\"@id\":\"https:\\\/\\\/www.arietepersonal.cz\\\/o-nas\\\/#breadcrumb\"},\"inLanguage\":\"en-US\",\"potentialAction\":[{\"@type\":\"ReadAction\",\"target\":[\"https:\\\/\\\/www.arietepersonal.cz\\\/o-nas\\\/\"]}]},{\"@type\":\"BreadcrumbList\",\"@id\":\"https:\\\/\\\/www.arietepersonal.cz\\\/o-nas\\\/#breadcrumb\",\"itemListElement\":[{\"@type\":\"ListItem\",\"position\":1,\"name\":\"Dom\u016f\",\"item\":\"https:\\\/\\\/www.arietepersonal.cz\\\/en\\\/\"},{\"@type\":\"ListItem\",\"position\":2,\"name\":\"O n\u00e1s\"}]},{\"@type\":\"WebSite\",\"@id\":\"https:\\\/\\\/www.arietepersonal.cz\\\/en\\\/#website\",\"url\":\"https:\\\/\\\/www.arietepersonal.cz\\\/en\\\/\",\"name\":\"Ariete Personal s.r.o.\",\"description\":\"person\u00e1ln\u00ed agentura\",\"publisher\":{\"@id\":\"https:\\\/\\\/www.arietepersonal.cz\\\/en\\\/#organization\"},\"potentialAction\":[{\"@type\":\"SearchAction\",\"target\":{\"@type\":\"EntryPoint\",\"urlTemplate\":\"https:\\\/\\\/www.arietepersonal.cz\\\/en\\\/?s={search_term_string}\"},\"query-input\":{\"@type\":\"PropertyValueSpecification\",\"valueRequired\":true,\"valueName\":\"search_term_string\"}}],\"inLanguage\":\"en-US\"},{\"@type\":\"Organization\",\"@id\":\"https:\\\/\\\/www.arietepersonal.cz\\\/en\\\/#organization\",\"name\":\"ARIETE Personal s.r.o.\",\"url\":\"https:\\\/\\\/www.arietepersonal.cz\\\/en\\\/\",\"logo\":{\"@type\":\"ImageObject\",\"inLanguage\":\"en-US\",\"@id\":\"https:\\\/\\\/www.arietepersonal.cz\\\/en\\\/#\\\/schema\\\/logo\\\/image\\\/\",\"url\":\"https:\\\/\\\/www.arietepersonal.cz\\\/wp-content\\\/uploads\\\/2020\\\/02\\\/Logo-personal.png\",\"contentUrl\":\"https:\\\/\\\/www.arietepersonal.cz\\\/wp-content\\\/uploads\\\/2020\\\/02\\\/Logo-personal.png\",\"width\":200,\"height\":70,\"caption\":\"ARIETE Personal s.r.o.\"},\"image\":{\"@id\":\"https:\\\/\\\/www.arietepersonal.cz\\\/en\\\/#\\\/schema\\\/logo\\\/image\\\/\"}}]}<\/script>\n<!-- \/ Yoast SEO plugin. -->","yoast_head_json":{"title":"Ariete Personal s.r.o. - O n\u00e1s","robots":{"index":"index","follow":"follow","max-snippet":"max-snippet:-1","max-image-preview":"max-image-preview:large","max-video-preview":"max-video-preview:-1"},"canonical":"https:\/\/www.arietepersonal.cz\/en\/o-nas\/","og_locale":"en_US","og_type":"article","og_title":"Ariete Personal s.r.o. - O n\u00e1s","og_url":"https:\/\/www.arietepersonal.cz\/en\/o-nas\/","og_site_name":"Ariete Personal s.r.o.","article_modified_time":"2022-11-19T18:10:03+00:00","twitter_card":"summary_large_image","schema":{"@context":"https:\/\/schema.org","@graph":[{"@type":"WebPage","@id":"https:\/\/www.arietepersonal.cz\/o-nas\/","url":"https:\/\/www.arietepersonal.cz\/o-nas\/","name":"Ariete Personal s.r.o. - O n\u00e1s","isPartOf":{"@id":"https:\/\/www.arietepersonal.cz\/en\/#website"},"datePublished":"2020-05-04T21:48:52+00:00","dateModified":"2022-11-19T18:10:03+00:00","breadcrumb":{"@id":"https:\/\/www.arietepersonal.cz\/o-nas\/#breadcrumb"},"inLanguage":"en-US","potentialAction":[{"@type":"ReadAction","target":["https:\/\/www.arietepersonal.cz\/o-nas\/"]}]},{"@type":"BreadcrumbList","@id":"https:\/\/www.arietepersonal.cz\/o-nas\/#breadcrumb","itemListElement":[{"@type":"ListItem","position":1,"name":"Dom\u016f","item":"https:\/\/www.arietepersonal.cz\/en\/"},{"@type":"ListItem","position":2,"name":"O n\u00e1s"}]},{"@type":"WebSite","@id":"https:\/\/www.arietepersonal.cz\/en\/#website","url":"https:\/\/www.arietepersonal.cz\/en\/","name":"Ariete Personal s.r.o.","description":"person\u00e1ln\u00ed agentura","publisher":{"@id":"https:\/\/www.arietepersonal.cz\/en\/#organization"},"potentialAction":[{"@type":"SearchAction","target":{"@type":"EntryPoint","urlTemplate":"https:\/\/www.arietepersonal.cz\/en\/?s={search_term_string}"},"query-input":{"@type":"PropertyValueSpecification","valueRequired":true,"valueName":"search_term_string"}}],"inLanguage":"en-US"},{"@type":"Organization","@id":"https:\/\/www.arietepersonal.cz\/en\/#organization","name":"ARIETE Personal s.r.o.","url":"https:\/\/www.arietepersonal.cz\/en\/","logo":{"@type":"ImageObject","inLanguage":"en-US","@id":"https:\/\/www.arietepersonal.cz\/en\/#\/schema\/logo\/image\/","url":"https:\/\/www.arietepersonal.cz\/wp-content\/uploads\/2020\/02\/Logo-personal.png","contentUrl":"https:\/\/www.arietepersonal.cz\/wp-content\/uploads\/2020\/02\/Logo-personal.png","width":200,"height":70,"caption":"ARIETE Personal s.r.o."},"image":{"@id":"https:\/\/www.arietepersonal.cz\/en\/#\/schema\/logo\/image\/"}}]}},"_links":{"self":[{"href":"https:\/\/www.arietepersonal.cz\/en\/wp-json\/wp\/v2\/pages\/13618","targetHints":{"allow":["GET"]}}],"collection":[{"href":"https:\/\/www.arietepersonal.cz\/en\/wp-json\/wp\/v2\/pages"}],"about":[{"href":"https:\/\/www.arietepersonal.cz\/en\/wp-json\/wp\/v2\/types\/page"}],"author":[{"embeddable":true,"href":"https:\/\/www.arietepersonal.cz\/en\/wp-json\/wp\/v2\/users\/2"}],"replies":[{"embeddable":true,"href":"https:\/\/www.arietepersonal.cz\/en\/wp-json\/wp\/v2\/comments?post=13618"}],"version-history":[{"count":52,"href":"https:\/\/www.arietepersonal.cz\/en\/wp-json\/wp\/v2\/pages\/13618\/revisions"}],"predecessor-version":[{"id":49433,"href":"https:\/\/www.arietepersonal.cz\/en\/wp-json\/wp\/v2\/pages\/13618\/revisions\/49433"}],"wp:attachment":[{"href":"https:\/\/www.arietepersonal.cz\/en\/wp-json\/wp\/v2\/media?parent=13618"}],"curies":[{"name":"wp","href":"https:\/\/api.w.org\/{rel}","templated":true}]}}