{"id":13734,"date":"2020-05-08T00:23:14","date_gmt":"2020-05-07T22:23:14","guid":{"rendered":"http:\/\/arietepersonal.webambulance.cz\/?page_id=13734"},"modified":"2020-05-08T00:36:18","modified_gmt":"2020-05-07T22:36:18","slug":"novinky","status":"publish","type":"page","link":"https:\/\/www.arietepersonal.cz\/en\/novinky\/","title":{"rendered":"ARIETE novinky"},"content":{"rendered":"<div class=\"vc_row wpb_row vc_row-fluid vc_custom_1588890975332 thsn-row thsn-bg-color-yes thsn-bg-color-transparent thsn-zindex-zero\">\r\n\t\t\t<div class=\"wpb_column vc_column_container vc_col-sm-12 thsn-column thsn-bg-color-yes thsn-bg-color-transparent thsn-zindex-zero\">\r\n\t<div class=\"vc_column-inner\">\r\n\t\t\t<div class=\"wpb_wrapper\">\r\n\t\t\t<div  class=\"themesion-element themesion-element-blog thsn-element-blog-style-1 themesion-element-viewtype-row-column thsn-sortable-no\" data-show=\"6\" data-columns=\"3\" data-loop=\"false\" data-autoplay=\"false\" data-center=\"false\" data-nav=\"false\" data-dots=\"false\" data-autoplayspeed=\"1000\" data-margin=\"\"><div class=\"themesion-element-inner\"><div class=\"thsn-ele-header-area\"><\/div><div class=\"thsn-element-posts-wrapper row multi-columns-row\"><div class=\"thsn-ele thsn-blog-ele col-md-4 z-firmy\"><article class=\"themesion-ele themesion-ele-blog thsn-blogbox-style-1 post-14378 post type-post status-publish format-standard has-post-thumbnail hentry category-z-firmy\">\r\n\t<div class=\"post-item\">\r\n\t\t<div class=\"thsn-featured-container\">\r\n\t\t\t<div class=\"thsn-featured-wrapper\"><a href=\"https:\/\/www.arietepersonal.cz\/en\/spustili-jsme-novy-projekt-firemniho-testovani-na-covid\/\"><img loading=\"lazy\" decoding=\"async\" width=\"770\" height=\"451\" src=\"https:\/\/www.arietepersonal.cz\/wp-content\/uploads\/2021\/03\/covid21-min.jpg\" class=\"attachment-thsn-img-770x635 size-thsn-img-770x635 wp-post-image\" alt=\"\" srcset=\"https:\/\/www.arietepersonal.cz\/wp-content\/uploads\/2021\/03\/covid21-min.jpg 770w, https:\/\/www.arietepersonal.cz\/wp-content\/uploads\/2021\/03\/covid21-min-300x176.jpg 300w, https:\/\/www.arietepersonal.cz\/wp-content\/uploads\/2021\/03\/covid21-min-150x88.jpg 150w, https:\/\/www.arietepersonal.cz\/wp-content\/uploads\/2021\/03\/covid21-min-768x450.jpg 768w\" sizes=\"auto, (max-width: 770px) 100vw, 770px\" data-id=\"14379\" \/><\/a><\/div>\t\t\t<div class=\"thsn-meta-date\"><span>12<\/span>Mar<\/div>\t\t\t\r\n\t\t<\/div>\r\n\t\t<div class=\"themesion-box-content\">\r\n\t\t\t<div class=\"thsn-meta-container\">\r\n\t\t\t\t<div class=\"thsn-meta-date-wrapper thsn-meta-line\">\r\n\t\t\t\t\t<div class=\"thsn-meta-category\"><a href=\"https:\/\/www.arietepersonal.cz\/en\/category\/z-firmy\/\" rel=\"category tag\">Company news<\/a><\/div>\r\n\t\t\t\t<\/div>\r\n\t\t\t\t\t\t\t\t\t\t\t<\/div>\r\n\t\t\t<h3 class=\"thsn-post-title\"><a href=\"https:\/\/www.arietepersonal.cz\/en\/spustili-jsme-novy-projekt-firemniho-testovani-na-covid\/\">Spustili jsme nov\u00fd projekt firemn\u00edho testov\u00e1n\u00ed na COVID<\/a><\/h3>\r\n\t\t\t<div class=\"themesion-box-desc\">\r\n\t\t\t\t\t<a class=\"vc_general vc_btn3 vc_btn3-size-md vc_btn3-shape-round vc_btn3-style-flat vc_btn3-color-secondarycolor\" href=\"https:\/\/www.arietepersonal.cz\/en\/spustili-jsme-novy-projekt-firemniho-testovani-na-covid\/\">Read More<\/a> \r\n\t\t\t<\/div>\r\n\t\t<\/div>\r\n\t<\/div>\r\n<\/article>\r\n<\/div><div class=\"thsn-ele thsn-blog-ele col-md-4 z-firmy\"><article class=\"themesion-ele themesion-ele-blog thsn-blogbox-style-1 post-13751 post type-post status-publish format-standard has-post-thumbnail hentry category-z-firmy\">\r\n\t<div class=\"post-item\">\r\n\t\t<div class=\"thsn-featured-container\">\r\n\t\t\t<div class=\"thsn-featured-wrapper\"><a href=\"https:\/\/www.arietepersonal.cz\/en\/stavba-v-pazardzhiku-bude-dokoncena-podle-puvodniho-planu\/\"><img loading=\"lazy\" decoding=\"async\" width=\"770\" height=\"451\" src=\"https:\/\/www.arietepersonal.cz\/wp-content\/uploads\/2020\/05\/tovarna-bulharsko-770x451.jpg\" class=\"attachment-thsn-img-770x635 size-thsn-img-770x635 wp-post-image\" alt=\"\" data-id=\"14016\" \/><\/a><\/div>\t\t\t<div class=\"thsn-meta-date\"><span>08<\/span>May<\/div>\t\t\t\r\n\t\t<\/div>\r\n\t\t<div class=\"themesion-box-content\">\r\n\t\t\t<div class=\"thsn-meta-container\">\r\n\t\t\t\t<div class=\"thsn-meta-date-wrapper thsn-meta-line\">\r\n\t\t\t\t\t<div class=\"thsn-meta-category\"><a href=\"https:\/\/www.arietepersonal.cz\/en\/category\/z-firmy\/\" rel=\"category tag\">Company news<\/a><\/div>\r\n\t\t\t\t<\/div>\r\n\t\t\t\t\t\t\t\t\t\t\t<\/div>\r\n\t\t\t<h3 class=\"thsn-post-title\"><a href=\"https:\/\/www.arietepersonal.cz\/en\/stavba-v-pazardzhiku-bude-dokoncena-podle-puvodniho-planu\/\">Stavba v Pazardzhiku bude dokon\u010dena podle p\u016fvodn\u00edho pl\u00e1nu<\/a><\/h3>\r\n\t\t\t<div class=\"themesion-box-desc\">\r\n\t\t\t\t\t<a class=\"vc_general vc_btn3 vc_btn3-size-md vc_btn3-shape-round vc_btn3-style-flat vc_btn3-color-secondarycolor\" href=\"https:\/\/www.arietepersonal.cz\/en\/stavba-v-pazardzhiku-bude-dokoncena-podle-puvodniho-planu\/\">Read More<\/a> \r\n\t\t\t<\/div>\r\n\t\t<\/div>\r\n\t<\/div>\r\n<\/article>\r\n<\/div><div class=\"thsn-ele thsn-blog-ele col-md-4 news\"><article class=\"themesion-ele themesion-ele-blog thsn-blogbox-style-1 post-8699 post type-post status-publish format-standard has-post-thumbnail hentry category-news\">\r\n\t<div class=\"post-item\">\r\n\t\t<div class=\"thsn-featured-container\">\r\n\t\t\t<div class=\"thsn-featured-wrapper\"><a href=\"https:\/\/www.arietepersonal.cz\/en\/jak-snizit-naklady-na-pracovniky\/\"><img loading=\"lazy\" decoding=\"async\" width=\"770\" height=\"451\" src=\"https:\/\/www.arietepersonal.cz\/wp-content\/uploads\/2020\/05\/snizeni-nakladu-770x451.jpg\" class=\"attachment-thsn-img-770x635 size-thsn-img-770x635 wp-post-image\" alt=\"\" data-id=\"14014\" \/><\/a><\/div>\t\t\t<div class=\"thsn-meta-date\"><span>02<\/span>May<\/div>\t\t\t\r\n\t\t<\/div>\r\n\t\t<div class=\"themesion-box-content\">\r\n\t\t\t<div class=\"thsn-meta-container\">\r\n\t\t\t\t<div class=\"thsn-meta-date-wrapper thsn-meta-line\">\r\n\t\t\t\t\t<div class=\"thsn-meta-category\"><a href=\"https:\/\/www.arietepersonal.cz\/en\/category\/news\/\" rel=\"category tag\">Blog<\/a><\/div>\r\n\t\t\t\t<\/div>\r\n\t\t\t\t\t\t\t\t\t\t\t<\/div>\r\n\t\t\t<h3 class=\"thsn-post-title\"><a href=\"https:\/\/www.arietepersonal.cz\/en\/jak-snizit-naklady-na-pracovniky\/\">Jak sn\u00ed\u017eit n\u00e1klady na pracovn\u00edky<\/a><\/h3>\r\n\t\t\t<div class=\"themesion-box-desc\">\r\n\t\t\t\t\t<a class=\"vc_general vc_btn3 vc_btn3-size-md vc_btn3-shape-round vc_btn3-style-flat vc_btn3-color-secondarycolor\" href=\"https:\/\/www.arietepersonal.cz\/en\/jak-snizit-naklady-na-pracovniky\/\">Read More<\/a> \r\n\t\t\t<\/div>\r\n\t\t<\/div>\r\n\t<\/div>\r\n<\/article>\r\n<\/div><div class=\"thsn-ele thsn-blog-ele col-md-4 news\"><article class=\"themesion-ele themesion-ele-blog thsn-blogbox-style-1 post-8174 post type-post status-publish format-standard has-post-thumbnail hentry category-news\">\r\n\t<div class=\"post-item\">\r\n\t\t<div class=\"thsn-featured-container\">\r\n\t\t\t<div class=\"thsn-featured-wrapper\"><a href=\"https:\/\/www.arietepersonal.cz\/en\/jak-napsat-sve-cv\/\"><img loading=\"lazy\" decoding=\"async\" width=\"770\" height=\"451\" src=\"https:\/\/www.arietepersonal.cz\/wp-content\/uploads\/2019\/01\/cv-psani-770x451.jpg\" class=\"attachment-thsn-img-770x635 size-thsn-img-770x635 wp-post-image\" alt=\"\" data-id=\"14013\" \/><\/a><\/div>\t\t\t<div class=\"thsn-meta-date\"><span>22<\/span>Jan<\/div>\t\t\t\r\n\t\t<\/div>\r\n\t\t<div class=\"themesion-box-content\">\r\n\t\t\t<div class=\"thsn-meta-container\">\r\n\t\t\t\t<div class=\"thsn-meta-date-wrapper thsn-meta-line\">\r\n\t\t\t\t\t<div class=\"thsn-meta-category\"><a href=\"https:\/\/www.arietepersonal.cz\/en\/category\/news\/\" rel=\"category tag\">Blog<\/a><\/div>\r\n\t\t\t\t<\/div>\r\n\t\t\t\t\t\t\t\t\t\t\t<\/div>\r\n\t\t\t<h3 class=\"thsn-post-title\"><a href=\"https:\/\/www.arietepersonal.cz\/en\/jak-napsat-sve-cv\/\">Jak napsat sv\u00e9 CV neboli \u017eivotopis<\/a><\/h3>\r\n\t\t\t<div class=\"themesion-box-desc\">\r\n\t\t\t\t\t<a class=\"vc_general vc_btn3 vc_btn3-size-md vc_btn3-shape-round vc_btn3-style-flat vc_btn3-color-secondarycolor\" href=\"https:\/\/www.arietepersonal.cz\/en\/jak-napsat-sve-cv\/\">Read More<\/a> \r\n\t\t\t<\/div>\r\n\t\t<\/div>\r\n\t<\/div>\r\n<\/article>\r\n<\/div><\/div><\/div><!-- .themesion-element-inner -->   <\/div><!-- .themesion-element -->  \t\t<\/div>\r\n\t<\/div>\r\n<\/div>\r\n<\/div>","protected":false},"excerpt":{"rendered":"\u017divotopis\u00a0neboli tak\u00e9\u00a0CV\u00a0(Curriculum Vitae) je vizitkou uchaze\u010de o zam\u011bstn\u00e1n\u00ed. P\u0159i jeho sestavov\u00e1n\u00ed je pot\u0159eba dodr\u017eovat alespo\u0148 p\u00e1r z\u00e1kladn\u00edch pravidel. \u017divotopis by m\u011bl b\u00fdt p\u0159edev\u0161\u00edm p\u0159ehledn\u00fd a srozumiteln\u00fd, uv\u00e1d\u011bn\u00e9 \u00fadaje by m\u011bly b\u00fdt pravdiv\u00e9. \u017divotopis zpravidla obsahuje \u010dty\u0159i z\u00e1kladn\u00ed \u010d\u00e1sti: kontaktn\u00ed \u00fadaje uchaze\u010de, dosavadn\u00ed pracovn\u00ed zku\u0161enosti, vzd\u011bl\u00e1n\u00ed, a ostatn\u00ed \u00fadaje. Kontaktn\u00ed \u00fadaje\u00a0zahrnuj\u00ed va\u0161e jm\u00e9no i p\u0159\u00edjmen\u00ed a [...]","protected":false},"author":2,"featured_media":0,"parent":0,"menu_order":0,"comment_status":"closed","ping_status":"closed","template":"","meta":{"_acf_changed":false,"footnotes":""},"class_list":["post-13734","page","type-page","status-publish","hentry"],"acf":[],"yoast_head":"<!-- This site is optimized with the Yoast SEO plugin v27.4 - https:\/\/yoast.com\/product\/yoast-seo-wordpress\/ -->\n<title>Ariete Personal s.r.o. - ARIETE novinky<\/title>\n<meta name=\"robots\" content=\"index, follow, max-snippet:-1, max-image-preview:large, max-video-preview:-1\" \/>\n<link rel=\"canonical\" href=\"https:\/\/www.arietepersonal.cz\/en\/novinky\/\" \/>\n<meta property=\"og:locale\" content=\"en_US\" \/>\n<meta property=\"og:type\" content=\"article\" \/>\n<meta property=\"og:title\" content=\"Ariete Personal s.r.o. - ARIETE novinky\" \/>\n<meta property=\"og:url\" content=\"https:\/\/www.arietepersonal.cz\/en\/novinky\/\" \/>\n<meta property=\"og:site_name\" content=\"Ariete Personal s.r.o.\" \/>\n<meta property=\"article:modified_time\" content=\"2020-05-07T22:36:18+00:00\" \/>\n<meta name=\"twitter:card\" content=\"summary_large_image\" \/>\n<script type=\"application\/ld+json\" class=\"yoast-schema-graph\">{\"@context\":\"https:\\\/\\\/schema.org\",\"@graph\":[{\"@type\":\"WebPage\",\"@id\":\"https:\\\/\\\/www.arietepersonal.cz\\\/novinky\\\/\",\"url\":\"https:\\\/\\\/www.arietepersonal.cz\\\/novinky\\\/\",\"name\":\"Ariete Personal s.r.o. - ARIETE novinky\",\"isPartOf\":{\"@id\":\"https:\\\/\\\/www.arietepersonal.cz\\\/en\\\/#website\"},\"datePublished\":\"2020-05-07T22:23:14+00:00\",\"dateModified\":\"2020-05-07T22:36:18+00:00\",\"breadcrumb\":{\"@id\":\"https:\\\/\\\/www.arietepersonal.cz\\\/novinky\\\/#breadcrumb\"},\"inLanguage\":\"en-US\",\"potentialAction\":[{\"@type\":\"ReadAction\",\"target\":[\"https:\\\/\\\/www.arietepersonal.cz\\\/novinky\\\/\"]}]},{\"@type\":\"BreadcrumbList\",\"@id\":\"https:\\\/\\\/www.arietepersonal.cz\\\/novinky\\\/#breadcrumb\",\"itemListElement\":[{\"@type\":\"ListItem\",\"position\":1,\"name\":\"Dom\u016f\",\"item\":\"https:\\\/\\\/www.arietepersonal.cz\\\/en\\\/\"},{\"@type\":\"ListItem\",\"position\":2,\"name\":\"ARIETE novinky\"}]},{\"@type\":\"WebSite\",\"@id\":\"https:\\\/\\\/www.arietepersonal.cz\\\/en\\\/#website\",\"url\":\"https:\\\/\\\/www.arietepersonal.cz\\\/en\\\/\",\"name\":\"Ariete Personal s.r.o.\",\"description\":\"person\u00e1ln\u00ed agentura\",\"publisher\":{\"@id\":\"https:\\\/\\\/www.arietepersonal.cz\\\/en\\\/#organization\"},\"potentialAction\":[{\"@type\":\"SearchAction\",\"target\":{\"@type\":\"EntryPoint\",\"urlTemplate\":\"https:\\\/\\\/www.arietepersonal.cz\\\/en\\\/?s={search_term_string}\"},\"query-input\":{\"@type\":\"PropertyValueSpecification\",\"valueRequired\":true,\"valueName\":\"search_term_string\"}}],\"inLanguage\":\"en-US\"},{\"@type\":\"Organization\",\"@id\":\"https:\\\/\\\/www.arietepersonal.cz\\\/en\\\/#organization\",\"name\":\"ARIETE Personal s.r.o.\",\"url\":\"https:\\\/\\\/www.arietepersonal.cz\\\/en\\\/\",\"logo\":{\"@type\":\"ImageObject\",\"inLanguage\":\"en-US\",\"@id\":\"https:\\\/\\\/www.arietepersonal.cz\\\/en\\\/#\\\/schema\\\/logo\\\/image\\\/\",\"url\":\"https:\\\/\\\/www.arietepersonal.cz\\\/wp-content\\\/uploads\\\/2020\\\/02\\\/Logo-personal.png\",\"contentUrl\":\"https:\\\/\\\/www.arietepersonal.cz\\\/wp-content\\\/uploads\\\/2020\\\/02\\\/Logo-personal.png\",\"width\":200,\"height\":70,\"caption\":\"ARIETE Personal s.r.o.\"},\"image\":{\"@id\":\"https:\\\/\\\/www.arietepersonal.cz\\\/en\\\/#\\\/schema\\\/logo\\\/image\\\/\"}}]}<\/script>\n<!-- \/ Yoast SEO plugin. -->","yoast_head_json":{"title":"Ariete Personal s.r.o. - ARIETE novinky","robots":{"index":"index","follow":"follow","max-snippet":"max-snippet:-1","max-image-preview":"max-image-preview:large","max-video-preview":"max-video-preview:-1"},"canonical":"https:\/\/www.arietepersonal.cz\/en\/novinky\/","og_locale":"en_US","og_type":"article","og_title":"Ariete Personal s.r.o. - ARIETE novinky","og_url":"https:\/\/www.arietepersonal.cz\/en\/novinky\/","og_site_name":"Ariete Personal s.r.o.","article_modified_time":"2020-05-07T22:36:18+00:00","twitter_card":"summary_large_image","schema":{"@context":"https:\/\/schema.org","@graph":[{"@type":"WebPage","@id":"https:\/\/www.arietepersonal.cz\/novinky\/","url":"https:\/\/www.arietepersonal.cz\/novinky\/","name":"Ariete Personal s.r.o. - ARIETE novinky","isPartOf":{"@id":"https:\/\/www.arietepersonal.cz\/en\/#website"},"datePublished":"2020-05-07T22:23:14+00:00","dateModified":"2020-05-07T22:36:18+00:00","breadcrumb":{"@id":"https:\/\/www.arietepersonal.cz\/novinky\/#breadcrumb"},"inLanguage":"en-US","potentialAction":[{"@type":"ReadAction","target":["https:\/\/www.arietepersonal.cz\/novinky\/"]}]},{"@type":"BreadcrumbList","@id":"https:\/\/www.arietepersonal.cz\/novinky\/#breadcrumb","itemListElement":[{"@type":"ListItem","position":1,"name":"Dom\u016f","item":"https:\/\/www.arietepersonal.cz\/en\/"},{"@type":"ListItem","position":2,"name":"ARIETE novinky"}]},{"@type":"WebSite","@id":"https:\/\/www.arietepersonal.cz\/en\/#website","url":"https:\/\/www.arietepersonal.cz\/en\/","name":"Ariete Personal s.r.o.","description":"person\u00e1ln\u00ed agentura","publisher":{"@id":"https:\/\/www.arietepersonal.cz\/en\/#organization"},"potentialAction":[{"@type":"SearchAction","target":{"@type":"EntryPoint","urlTemplate":"https:\/\/www.arietepersonal.cz\/en\/?s={search_term_string}"},"query-input":{"@type":"PropertyValueSpecification","valueRequired":true,"valueName":"search_term_string"}}],"inLanguage":"en-US"},{"@type":"Organization","@id":"https:\/\/www.arietepersonal.cz\/en\/#organization","name":"ARIETE Personal s.r.o.","url":"https:\/\/www.arietepersonal.cz\/en\/","logo":{"@type":"ImageObject","inLanguage":"en-US","@id":"https:\/\/www.arietepersonal.cz\/en\/#\/schema\/logo\/image\/","url":"https:\/\/www.arietepersonal.cz\/wp-content\/uploads\/2020\/02\/Logo-personal.png","contentUrl":"https:\/\/www.arietepersonal.cz\/wp-content\/uploads\/2020\/02\/Logo-personal.png","width":200,"height":70,"caption":"ARIETE Personal s.r.o."},"image":{"@id":"https:\/\/www.arietepersonal.cz\/en\/#\/schema\/logo\/image\/"}}]}},"_links":{"self":[{"href":"https:\/\/www.arietepersonal.cz\/en\/wp-json\/wp\/v2\/pages\/13734","targetHints":{"allow":["GET"]}}],"collection":[{"href":"https:\/\/www.arietepersonal.cz\/en\/wp-json\/wp\/v2\/pages"}],"about":[{"href":"https:\/\/www.arietepersonal.cz\/en\/wp-json\/wp\/v2\/types\/page"}],"author":[{"embeddable":true,"href":"https:\/\/www.arietepersonal.cz\/en\/wp-json\/wp\/v2\/users\/2"}],"replies":[{"embeddable":true,"href":"https:\/\/www.arietepersonal.cz\/en\/wp-json\/wp\/v2\/comments?post=13734"}],"version-history":[{"count":5,"href":"https:\/\/www.arietepersonal.cz\/en\/wp-json\/wp\/v2\/pages\/13734\/revisions"}],"predecessor-version":[{"id":13748,"href":"https:\/\/www.arietepersonal.cz\/en\/wp-json\/wp\/v2\/pages\/13734\/revisions\/13748"}],"wp:attachment":[{"href":"https:\/\/www.arietepersonal.cz\/en\/wp-json\/wp\/v2\/media?parent=13734"}],"curies":[{"name":"wp","href":"https:\/\/api.w.org\/{rel}","templated":true}]}}