{"id":13937,"date":"2021-01-18T22:24:47","date_gmt":"2021-01-18T21:24:47","guid":{"rendered":"http:\/\/arietepersonal.webambulance.cz\/?page_id=13937"},"modified":"2022-11-19T20:38:29","modified_gmt":"2022-11-19T19:38:29","slug":"registrace-do-databaze-uchazecu","status":"publish","type":"page","link":"https:\/\/www.arietepersonal.cz\/en\/registrace-do-databaze-uchazecu\/","title":{"rendered":"Registration in the applicant database"},"content":{"rendered":"<div class=\"vc_row wpb_row vc_row-fluid vc_custom_1611099986424 thsn-row thsn-bg-color-yes thsn-bg-color-transparent thsn-zindex-zero\">\r\n\t\t\t<div class=\"wpb_column vc_column_container vc_col-sm-5 thsn-column thsn-bg-color-yes thsn-bg-color-transparent thsn-zindex-zero\">\r\n\t<div class=\"vc_column-inner vc_custom_1611090949484\">\r\n\t\t\t<div class=\"wpb_wrapper\">\r\n\t\t\t\n\t<div class=\"wpb_text_column wpb_content_element  vc_custom_1668886705702 kontakt-zamestnanci\" >\n\t\t<div class=\"wpb_wrapper\">\n\t\t\t<div class=\"novynadpis4\">\n<h2 class=\"novynadpis4\">Nechte se oslovit <strong> pracovn\u00ed nab\u00eddkou p\u0159\u00edmo pro V\u00e1s<\/strong><\/h2>\n<\/div>\n\n\t\t<\/div>\n\t<\/div>\n\n\t<div class=\"wpb_text_column wpb_content_element \" >\n\t\t<div class=\"wpb_wrapper\">\n\t\t\t<p>Pokud chcete b\u00fdt osloveni s nab\u00eddkou pracovn\u00ed p\u0159\u00edle\u017eitosti, kter\u00e1 bude sed\u011bt p\u0159\u00edmo V\u00e1m, za\u0161lete n\u00e1m sv\u016fj \u017eivotopis a my v\u00e1s za\u0159ad\u00edme do datab\u00e1ze uchaze\u010d\u016f o voln\u00e1 pracovn\u00ed m\u00edsta. Pom\u016f\u017eete si k rychlej\u0161\u00ed pracovn\u00ed nab\u00eddce p\u0159\u00edmo pro V\u00e1s. Po\u0161lete n\u00e1m svoje kontaktn\u00ed \u00fadaje a \u017eivotopis (CV), ve kter\u00e9m nezapome\u0148te uv\u00e9st va\u0161e dosa\u017een\u00e9 vzd\u011bl\u00e1n\u00ed a pracovn\u00ed zku\u0161enosti.<\/p>\n\n\t\t<\/div>\n\t<\/div>\n\t\t<\/div>\r\n\t<\/div>\r\n<\/div>\r\n<div class=\"wpb_column vc_column_container vc_col-sm-7 thsn-column thsn-bg-color-yes thsn-bg-color-light thsn-zindex-2\" id=\"thsn-contact-box\">\r\n\t<div class=\"vc_column-inner vc_custom_1611094855497\">\r\n\t\t\t<div class=\"wpb_wrapper\">\r\n\t\t\t\n\t<div class=\"wpb_text_column wpb_content_element  vc_custom_1668886494224\" >\n\t\t<div class=\"wpb_wrapper\">\n\t\t\t<div class=\"subnadpis\">\n<h4 class=\"subnadpis\">p\u0159idejte se k n\u00e1m<\/h4>\n<\/div>\n\n\t\t<\/div>\n\t<\/div>\n\n\t<div class=\"wpb_text_column wpb_content_element  vc_custom_1668886697148\" >\n\t\t<div class=\"wpb_wrapper\">\n\t\t\t<div class=\"novynadpis4\">\n<h2 class=\"novynadpis4\">Za\u0161lete n\u00e1m <strong> \u017dIVOTOPIS<\/strong><\/h2>\n<\/div>\n\n\t\t<\/div>\n\t<\/div>\n\n<div class=\"wpcf7 no-js\" id=\"wpcf7-f13962-o1\" lang=\"en-US\" dir=\"ltr\" data-wpcf7-id=\"13962\">\n<div class=\"screen-reader-response\"><p role=\"status\" aria-live=\"polite\" aria-atomic=\"true\"><\/p> <ul><\/ul><\/div>\n<form action=\"\/en\/wp-json\/wp\/v2\/pages\/13937#wpcf7-f13962-o1\" method=\"post\" class=\"wpcf7-form init\" aria-label=\"Contact form\" enctype=\"multipart\/form-data\" novalidate=\"novalidate\" data-status=\"init\">\n<fieldset class=\"hidden-fields-container\"><input type=\"hidden\" name=\"_wpcf7\" value=\"13962\" \/><input type=\"hidden\" name=\"_wpcf7_version\" value=\"6.1.5\" \/><input type=\"hidden\" name=\"_wpcf7_locale\" value=\"en_US\" \/><input type=\"hidden\" name=\"_wpcf7_unit_tag\" value=\"wpcf7-f13962-o1\" \/><input type=\"hidden\" name=\"_wpcf7_container_post\" value=\"0\" \/><input type=\"hidden\" name=\"_wpcf7_posted_data_hash\" value=\"\" \/><input type=\"hidden\" name=\"_wpcf7dtx_version\" value=\"5.0.5\" \/>\n<\/fieldset>\n<div class=\"thsn-main-form thsn-style-2\">\n\t<div class=\"row\">\n\t\t<div class=\"col-sm-6\">\n\t\t\t<div class=\"input-group\">\n\t\t\t\t<p><span class=\"wpcf7-form-control-wrap\" data-name=\"jmeno\"><input size=\"40\" maxlength=\"400\" class=\"wpcf7-form-control wpcf7-text wpcf7-validates-as-required\" aria-required=\"true\" aria-invalid=\"false\" placeholder=\"Jm\u00e9no a P\u0159ijmen\u00ed*\" value=\"\" type=\"text\" name=\"jmeno\" \/><\/span>\n\t\t\t\t<\/p>\n\t\t\t<\/div>\n\t\t<\/div>\n\t\t<div class=\"col-sm-6\">\n\t\t\t<div class=\"input-group\">\n\t\t\t\t<p><span class=\"wpcf7-form-control-wrap\" data-name=\"telefon\"><input size=\"40\" maxlength=\"400\" class=\"wpcf7-form-control wpcf7-tel wpcf7-validates-as-required wpcf7-text wpcf7-validates-as-tel\" aria-required=\"true\" aria-invalid=\"false\" placeholder=\"Telefon*\" value=\"\" type=\"tel\" name=\"telefon\" \/><\/span><span id=\"wpcf7-69f2279c4f984-wrapper\" class=\"wpcf7-form-control-wrap info-wrap\" style=\"display:none !important; visibility:hidden !important;\"><label for=\"wpcf7-69f2279c4f984-field\" class=\"hp-message\">Please leave this field empty.<\/label><input id=\"wpcf7-69f2279c4f984-field\"  class=\"wpcf7-form-control wpcf7-text\" type=\"text\" name=\"info\" value=\"\" size=\"40\" tabindex=\"-1\" autocomplete=\"new-password\" \/><\/span>\n\t\t\t\t<\/p>\n\t\t\t<\/div>\n\t\t<\/div>\n\t\t<div class=\"col-sm-6\">\n\t\t\t<div class=\"input-group\">\n\t\t\t\t<p><span class=\"wpcf7-form-control-wrap\" data-name=\"email_adresa\"><input size=\"40\" maxlength=\"400\" class=\"wpcf7-form-control wpcf7-email wpcf7-validates-as-required wpcf7-text wpcf7-validates-as-email\" aria-required=\"true\" aria-invalid=\"false\" placeholder=\"Email *\" value=\"\" type=\"email\" name=\"email_adresa\" \/><\/span>\n\t\t\t\t<\/p>\n\t\t\t<\/div>\n\t\t<\/div>\n\t\t<div class=\"col-sm-6\">\n\t\t\t<div class=\"input-group input-button\">\n\t\t\t\t<p><span class=\"wpcf7-form-control-wrap\" data-name=\"narodnost\"><input size=\"40\" maxlength=\"400\" class=\"wpcf7-form-control wpcf7-text\" aria-invalid=\"false\" placeholder=\"N\u00e1rodnost\" value=\"\" type=\"text\" name=\"narodnost\" \/><\/span>\n\t\t\t\t<\/p>\n\t\t\t<\/div>\n\t\t<\/div>\n\t\t<div class=\"col-sm-6\">\n\t\t\t<div class=\"input-group\">\n\t\t\t\t<p><span class=\"wpcf7-form-control-wrap\" data-name=\"typ-pozice\"><select class=\"wpcf7-form-control wpcf7-select\" aria-invalid=\"false\" name=\"typ-pozice\"><option value=\"Vyberte typ pozice\">Vyberte typ pozice<\/option><option value=\"THP\">THP<\/option><option value=\"D\u011blnick\u00e1 profese\">D\u011blnick\u00e1 profese<\/option><\/select><\/span>\n\t\t\t\t<\/p>\n\t\t\t<\/div>\n\t\t<\/div>\n\t\t<div class=\"col-sm-6\">\n\t\t\t<div class=\"input-group input-button\">\n\t\t\t\t<p>\u017divotopis* <span class=\"wpcf7-form-control-wrap\" data-name=\"zivotopis\"><input size=\"40\" class=\"wpcf7-form-control wpcf7-file wpcf7-validates-as-required\" accept=\".doc,.docx,.pdf,.osd,.txt,.rtf\" aria-required=\"true\" aria-invalid=\"false\" type=\"file\" name=\"zivotopis\" \/><\/span>\n\t\t\t\t<\/p>\n\t\t\t<\/div>\n\t\t<\/div>\n\t\t<div class=\"col-sm-12\">\n\t\t\t<div class=\"input-group input-button\">\n\t\t\t\t<p><span class=\"wpcf7-form-control-wrap\" data-name=\"hcap-cf7\">\t\t<input\n\t\t\t\ttype=\"hidden\"\n\t\t\t\tclass=\"hcaptcha-widget-id\"\n\t\t\t\tname=\"hcaptcha-widget-id\"\n\t\t\t\tvalue=\"eyJzb3VyY2UiOlsiY29udGFjdC1mb3JtLTdcL3dwLWNvbnRhY3QtZm9ybS03LnBocCJdLCJmb3JtX2lkIjoxMzk2Mn0=-80a5e173d2772c704fd3801c5a0a5617\">\n\t\t\t\t<span id=\"hcap_cf7-69f2279c502503.56076862\" class=\"wpcf7-form-control h-captcha \"\n\t\t\tdata-sitekey=\"10000000-ffff-ffff-ffff-000000000001\"\n\t\t\tdata-theme=\"light\"\n\t\t\tdata-size=\"normal\"\n\t\t\tdata-auto=\"false\"\n\t\t\tdata-ajax=\"false\"\n\t\t\tdata-force=\"false\">\n\t\t<\/span>\n\t\t<input type=\"hidden\" id=\"_wpnonce\" name=\"_wpnonce\" value=\"58c5b2a85f\" \/><input type=\"hidden\" name=\"_wp_http_referer\" value=\"\/en\/wp-json\/wp\/v2\/pages\/13937\" \/><\/span><input class=\"wpcf7-form-control wpcf7-submit has-spinner\" type=\"submit\" value=\"ODESLAT \u017dIVOTOPIS\" \/>\n\t\t\t\t<\/p>\n\t\t\t<\/div>\n\t\t\t<p><span id=\"wpcf7-69f2279c4fb1f-wrapper\" class=\"wpcf7-form-control-wrap uchazec-wrap\" ><input id=\"wpcf7-69f2279c4fb1f-field\"  class=\"wpcf7-form-control wpcf7-text\" type=\"text\" name=\"uchazec\" value=\"\" size=\"40\" tabindex=\"-1\" autocomplete=\"off\" \/><\/span>\n\t\t\t<\/p>\n\t\t\t<div class=\"GDPRinfo\">\n\t\t\t\t<p>Kliknut\u00edm na v\u00fd\u0161e uveden\u00e9 tla\u010d\u00edtko \u201eODESLAT \u017dIVOTOPIS\u201c souhlas\u00edm se zpracov\u00e1n\u00edm a uchov\u00e1n\u00edm ve\u0161ker\u00fdch m\u00fdch osobn\u00edch \u00fadaj\u016f. Osobn\u00ed \u00fadaje budou zpracov\u00e1ny v souladu s rozhodnut\u00edm Komise EU ze dne 15. \u010dervna 2001 a z\u00e1konem 101\/2000 Sb. Tyto \u00fadaje poskytuji spole\u010dnosti ARIETE personal s.r.o. v\u00fdhradn\u011b za \u00fa\u010delem zprost\u0159edkov\u00e1n\u00ed zam\u011bstn\u00e1n\u00ed a to na dobu v\u00fdb\u011brov\u00e9ho \u0159\u00edzen\u00ed, nejd\u00e9le v\u0161ak na 1 rok od jejich zasl\u00e1n\u00ed. Kdykoli budete moci po\u017e\u00e1dat spole\u010dnost ARIETE personal s.r.o. o smaz\u00e1n\u00ed nebo o opravu osobn\u00edch \u00fadaj\u016f.\n\t\t\t\t<\/p>\n\t\t\t<\/div>\n\t\t<\/div>\n\t<\/div>\n<\/div><p style=\"display: none !important;\" class=\"akismet-fields-container\" data-prefix=\"_wpcf7_ak_\"><label>\u0394<textarea name=\"_wpcf7_ak_hp_textarea\" cols=\"45\" rows=\"8\" maxlength=\"100\"><\/textarea><\/label><input type=\"hidden\" id=\"ak_js_1\" name=\"_wpcf7_ak_js\" value=\"154\"\/><script type=\"text\/javascript\">\n\/* <![CDATA[ *\/\ndocument.getElementById( \"ak_js_1\" ).setAttribute( \"value\", ( new Date() ).getTime() );\n\/* ]]> *\/\n<\/script>\n<\/p><div class=\"wpcf7-response-output\" aria-hidden=\"true\"><\/div>\n<\/form>\n<\/div>\n\t\t<\/div>\r\n\t<\/div>\r\n<\/div>\r\n<\/div>\r\n\n","protected":false},"excerpt":{"rendered":"Nechte se oslovit pracovn\u00ed nab\u00eddkou p\u0159\u00edmo pro V\u00e1s Pokud chcete b\u00fdt osloveni s nab\u00eddkou pracovn\u00ed p\u0159\u00edle\u017eitosti, kter\u00e1 bude sed\u011bt p\u0159\u00edmo V\u00e1m, za\u0161lete n\u00e1m sv\u016fj \u017eivotopis a my v\u00e1s za\u0159ad\u00edme do datab\u00e1ze uchaze\u010d\u016f o voln\u00e1 pracovn\u00ed m\u00edsta. Pom\u016f\u017eete si k rychlej\u0161\u00ed pracovn\u00ed nab\u00eddce p\u0159\u00edmo pro V\u00e1s. Po\u0161lete n\u00e1m svoje kontaktn\u00ed \u00fadaje a \u017eivotopis (CV), ve kter\u00e9m [...]","protected":false},"author":2,"featured_media":0,"parent":0,"menu_order":0,"comment_status":"closed","ping_status":"closed","template":"","meta":{"_acf_changed":false,"footnotes":""},"class_list":["post-13937","page","type-page","status-publish","hentry"],"acf":[],"yoast_head":"<!-- This site is optimized with the Yoast SEO plugin v27.5 - https:\/\/yoast.com\/product\/yoast-seo-wordpress\/ -->\n<title>Ariete Personal s.r.o. - Registrace do datab\u00e1ze uchaze\u010d\u016f<\/title>\n<meta name=\"robots\" content=\"index, follow, max-snippet:-1, max-image-preview:large, max-video-preview:-1\" \/>\n<link rel=\"canonical\" href=\"https:\/\/www.arietepersonal.cz\/en\/registrace-do-databaze-uchazecu\/\" \/>\n<meta property=\"og:locale\" content=\"en_US\" \/>\n<meta property=\"og:type\" content=\"article\" \/>\n<meta property=\"og:title\" content=\"Ariete Personal s.r.o. - Registrace do datab\u00e1ze uchaze\u010d\u016f\" \/>\n<meta property=\"og:url\" content=\"https:\/\/www.arietepersonal.cz\/en\/registrace-do-databaze-uchazecu\/\" \/>\n<meta property=\"og:site_name\" content=\"Ariete Personal s.r.o.\" \/>\n<meta property=\"article:modified_time\" content=\"2022-11-19T19:38:29+00:00\" \/>\n<meta name=\"twitter:card\" content=\"summary_large_image\" \/>\n<script type=\"application\/ld+json\" class=\"yoast-schema-graph\">{\"@context\":\"https:\\\/\\\/schema.org\",\"@graph\":[{\"@type\":\"WebPage\",\"@id\":\"https:\\\/\\\/www.arietepersonal.cz\\\/registrace-do-databaze-uchazecu\\\/\",\"url\":\"https:\\\/\\\/www.arietepersonal.cz\\\/registrace-do-databaze-uchazecu\\\/\",\"name\":\"Ariete Personal s.r.o. - Registrace do datab\u00e1ze uchaze\u010d\u016f\",\"isPartOf\":{\"@id\":\"https:\\\/\\\/www.arietepersonal.cz\\\/en\\\/#website\"},\"datePublished\":\"2021-01-18T21:24:47+00:00\",\"dateModified\":\"2022-11-19T19:38:29+00:00\",\"breadcrumb\":{\"@id\":\"https:\\\/\\\/www.arietepersonal.cz\\\/registrace-do-databaze-uchazecu\\\/#breadcrumb\"},\"inLanguage\":\"en-US\",\"potentialAction\":[{\"@type\":\"ReadAction\",\"target\":[\"https:\\\/\\\/www.arietepersonal.cz\\\/registrace-do-databaze-uchazecu\\\/\"]}]},{\"@type\":\"BreadcrumbList\",\"@id\":\"https:\\\/\\\/www.arietepersonal.cz\\\/registrace-do-databaze-uchazecu\\\/#breadcrumb\",\"itemListElement\":[{\"@type\":\"ListItem\",\"position\":1,\"name\":\"Dom\u016f\",\"item\":\"https:\\\/\\\/www.arietepersonal.cz\\\/en\\\/\"},{\"@type\":\"ListItem\",\"position\":2,\"name\":\"Registrace do datab\u00e1ze uchaze\u010d\u016f\"}]},{\"@type\":\"WebSite\",\"@id\":\"https:\\\/\\\/www.arietepersonal.cz\\\/en\\\/#website\",\"url\":\"https:\\\/\\\/www.arietepersonal.cz\\\/en\\\/\",\"name\":\"Ariete Personal s.r.o.\",\"description\":\"person\u00e1ln\u00ed agentura\",\"publisher\":{\"@id\":\"https:\\\/\\\/www.arietepersonal.cz\\\/en\\\/#organization\"},\"potentialAction\":[{\"@type\":\"SearchAction\",\"target\":{\"@type\":\"EntryPoint\",\"urlTemplate\":\"https:\\\/\\\/www.arietepersonal.cz\\\/en\\\/?s={search_term_string}\"},\"query-input\":{\"@type\":\"PropertyValueSpecification\",\"valueRequired\":true,\"valueName\":\"search_term_string\"}}],\"inLanguage\":\"en-US\"},{\"@type\":\"Organization\",\"@id\":\"https:\\\/\\\/www.arietepersonal.cz\\\/en\\\/#organization\",\"name\":\"ARIETE Personal s.r.o.\",\"url\":\"https:\\\/\\\/www.arietepersonal.cz\\\/en\\\/\",\"logo\":{\"@type\":\"ImageObject\",\"inLanguage\":\"en-US\",\"@id\":\"https:\\\/\\\/www.arietepersonal.cz\\\/en\\\/#\\\/schema\\\/logo\\\/image\\\/\",\"url\":\"https:\\\/\\\/www.arietepersonal.cz\\\/wp-content\\\/uploads\\\/2020\\\/02\\\/Logo-personal.png\",\"contentUrl\":\"https:\\\/\\\/www.arietepersonal.cz\\\/wp-content\\\/uploads\\\/2020\\\/02\\\/Logo-personal.png\",\"width\":200,\"height\":70,\"caption\":\"ARIETE Personal s.r.o.\"},\"image\":{\"@id\":\"https:\\\/\\\/www.arietepersonal.cz\\\/en\\\/#\\\/schema\\\/logo\\\/image\\\/\"}}]}<\/script>\n<!-- \/ Yoast SEO plugin. -->","yoast_head_json":{"title":"Ariete Personal s.r.o. - Registrace do datab\u00e1ze uchaze\u010d\u016f","robots":{"index":"index","follow":"follow","max-snippet":"max-snippet:-1","max-image-preview":"max-image-preview:large","max-video-preview":"max-video-preview:-1"},"canonical":"https:\/\/www.arietepersonal.cz\/en\/registrace-do-databaze-uchazecu\/","og_locale":"en_US","og_type":"article","og_title":"Ariete Personal s.r.o. - Registrace do datab\u00e1ze uchaze\u010d\u016f","og_url":"https:\/\/www.arietepersonal.cz\/en\/registrace-do-databaze-uchazecu\/","og_site_name":"Ariete Personal s.r.o.","article_modified_time":"2022-11-19T19:38:29+00:00","twitter_card":"summary_large_image","schema":{"@context":"https:\/\/schema.org","@graph":[{"@type":"WebPage","@id":"https:\/\/www.arietepersonal.cz\/registrace-do-databaze-uchazecu\/","url":"https:\/\/www.arietepersonal.cz\/registrace-do-databaze-uchazecu\/","name":"Ariete Personal s.r.o. - Registrace do datab\u00e1ze uchaze\u010d\u016f","isPartOf":{"@id":"https:\/\/www.arietepersonal.cz\/en\/#website"},"datePublished":"2021-01-18T21:24:47+00:00","dateModified":"2022-11-19T19:38:29+00:00","breadcrumb":{"@id":"https:\/\/www.arietepersonal.cz\/registrace-do-databaze-uchazecu\/#breadcrumb"},"inLanguage":"en-US","potentialAction":[{"@type":"ReadAction","target":["https:\/\/www.arietepersonal.cz\/registrace-do-databaze-uchazecu\/"]}]},{"@type":"BreadcrumbList","@id":"https:\/\/www.arietepersonal.cz\/registrace-do-databaze-uchazecu\/#breadcrumb","itemListElement":[{"@type":"ListItem","position":1,"name":"Dom\u016f","item":"https:\/\/www.arietepersonal.cz\/en\/"},{"@type":"ListItem","position":2,"name":"Registrace do datab\u00e1ze uchaze\u010d\u016f"}]},{"@type":"WebSite","@id":"https:\/\/www.arietepersonal.cz\/en\/#website","url":"https:\/\/www.arietepersonal.cz\/en\/","name":"Ariete Personal s.r.o.","description":"person\u00e1ln\u00ed agentura","publisher":{"@id":"https:\/\/www.arietepersonal.cz\/en\/#organization"},"potentialAction":[{"@type":"SearchAction","target":{"@type":"EntryPoint","urlTemplate":"https:\/\/www.arietepersonal.cz\/en\/?s={search_term_string}"},"query-input":{"@type":"PropertyValueSpecification","valueRequired":true,"valueName":"search_term_string"}}],"inLanguage":"en-US"},{"@type":"Organization","@id":"https:\/\/www.arietepersonal.cz\/en\/#organization","name":"ARIETE Personal s.r.o.","url":"https:\/\/www.arietepersonal.cz\/en\/","logo":{"@type":"ImageObject","inLanguage":"en-US","@id":"https:\/\/www.arietepersonal.cz\/en\/#\/schema\/logo\/image\/","url":"https:\/\/www.arietepersonal.cz\/wp-content\/uploads\/2020\/02\/Logo-personal.png","contentUrl":"https:\/\/www.arietepersonal.cz\/wp-content\/uploads\/2020\/02\/Logo-personal.png","width":200,"height":70,"caption":"ARIETE Personal s.r.o."},"image":{"@id":"https:\/\/www.arietepersonal.cz\/en\/#\/schema\/logo\/image\/"}}]}},"_links":{"self":[{"href":"https:\/\/www.arietepersonal.cz\/en\/wp-json\/wp\/v2\/pages\/13937","targetHints":{"allow":["GET"]}}],"collection":[{"href":"https:\/\/www.arietepersonal.cz\/en\/wp-json\/wp\/v2\/pages"}],"about":[{"href":"https:\/\/www.arietepersonal.cz\/en\/wp-json\/wp\/v2\/types\/page"}],"author":[{"embeddable":true,"href":"https:\/\/www.arietepersonal.cz\/en\/wp-json\/wp\/v2\/users\/2"}],"replies":[{"embeddable":true,"href":"https:\/\/www.arietepersonal.cz\/en\/wp-json\/wp\/v2\/comments?post=13937"}],"version-history":[{"count":23,"href":"https:\/\/www.arietepersonal.cz\/en\/wp-json\/wp\/v2\/pages\/13937\/revisions"}],"predecessor-version":[{"id":49475,"href":"https:\/\/www.arietepersonal.cz\/en\/wp-json\/wp\/v2\/pages\/13937\/revisions\/49475"}],"wp:attachment":[{"href":"https:\/\/www.arietepersonal.cz\/en\/wp-json\/wp\/v2\/media?parent=13937"}],"curies":[{"name":"wp","href":"https:\/\/api.w.org\/{rel}","templated":true}]}}