{"id":14560,"date":"2021-04-29T21:09:43","date_gmt":"2021-04-29T19:09:43","guid":{"rendered":"https:\/\/www.arietepersonal.cz\/?page_id=14560"},"modified":"2021-04-29T21:09:43","modified_gmt":"2021-04-29T19:09:43","slug":"zpracovani-osobnich-udaju-uchazecu-na-pozici","status":"publish","type":"page","link":"https:\/\/www.arietepersonal.cz\/en\/zpracovani-osobnich-udaju-uchazecu-na-pozici\/","title":{"rendered":"Zpracov\u00e1n\u00ed osobn\u00edch \u00fadaj\u016f uchaze\u010d\u016f na pozici"},"content":{"rendered":"<div class=\"vc_row wpb_row vc_row-fluid thsn-row thsn-bg-color-yes thsn-bg-color-transparent thsn-zindex-zero\">\r\n\t\t\t<div class=\"wpb_column vc_column_container vc_col-sm-12 thsn-column thsn-bg-color-yes thsn-bg-color-transparent thsn-zindex-zero\">\r\n\t<div class=\"vc_column-inner\">\r\n\t\t\t<div class=\"wpb_wrapper\">\r\n\t\t\t\n\t<div class=\"wpb_text_column wpb_content_element\" >\n\t\t<div class=\"wpb_wrapper\">\n\t\t\t<p><strong>1.\u00a0\u00a0\u00a0\u00a0\u00a0\u00a0\u00a0\u00a0\u00a0\u00a0 Spr\u00e1vce<\/strong><br \/>\n1.1.\u00a0\u00a0\u00a0\u00a0\u00a0\u00a0 Spr\u00e1vcem osobn\u00edch \u00fadaj\u016f je <strong>Ariete personal s.r.o.<\/strong>, I\u010cO: 27775496, se s\u00eddlem B\u011blsk\u00e1 139\/7, 293 01 Mlad\u00e1 Boleslav zapsanou v obchodn\u00edm rejst\u0159\u00edku veden\u00e9m M\u011bstsk\u00fdm soudem v Praze, odd\u00edl C, vlo\u017eka 212414\u00a0 (\u201e<strong>Spr\u00e1vce<\/strong>\u201c).<\/p>\n<p><strong>2.\u00a0\u00a0\u00a0\u00a0\u00a0\u00a0\u00a0\u00a0\u00a0\u00a0 \u00da\u010del zpracov\u00e1n\u00ed osobn\u00edch \u00fadaj\u016f<\/strong><br \/>\n2.1.\u00a0\u00a0\u00a0\u00a0\u00a0\u00a0 Spr\u00e1vce zpracov\u00e1v\u00e1 osobn\u00ed \u00fadaje uchaze\u010d\u016f za \u00fa\u010delem veden\u00ed person\u00e1ln\u00ed a mzdov\u00e9 agendy, poskytnut\u00ed informac\u00ed klient\u016fm popt\u00e1vaj\u00edc\u00edm uchaze\u010de na pracovn\u00ed pozici a dodr\u017een\u00ed pr\u00e1vn\u00edch povinnost\u00ed\u00a0 obecn\u011b z\u00e1vazn\u00fdch pr\u00e1vn\u00edch p\u0159edpis\u016f.<br \/>\n2.2.\u00a0\u00a0\u00a0\u00a0\u00a0\u00a0 Pr\u00e1vn\u00edm z\u00e1kladem pro zpracov\u00e1n\u00ed je \u010dl. 6 odst. 1 p\u00edsm. c) Na\u0159\u00edzen\u00ed Evropsk\u00e9ho parlamentu a Rady \u010d. 2016\/679 ze dne 27. 4. 2016 o ochran\u011b fyzick\u00fdch osob v souvislosti se zpracov\u00e1n\u00edm osobn\u00edch \u00fadaj\u016f a o voln\u00e9m pohybu t\u011bchto \u00fadaj\u016f a o zru\u0161en\u00ed sm\u011brnice 95\/46\/ES (\u201e<strong>GDPR<\/strong>\u201c).<br \/>\n2.3.\u00a0\u00a0\u00a0\u00a0\u00a0\u00a0 Osobn\u00ed \u00fadaje uchaze\u010d\u016f mohou b\u00fdt Spr\u00e1vcem zpracov\u00e1v\u00e1ny t\u00e9\u017e pro ur\u010den\u00ed, v\u00fdkon nebo obhajobu pr\u00e1vn\u00edch n\u00e1rok\u016f Spr\u00e1vce na z\u00e1klad\u011b \u010dl. 6 odst. 1 p\u00edsm. f) GDPR.<\/p>\n<p><strong>3.\u00a0\u00a0\u00a0\u00a0\u00a0\u00a0\u00a0\u00a0\u00a0\u00a0 Rozsah zpracov\u00e1van\u00fdch osobn\u00edch \u00fadaj\u016f<\/strong><br \/>\n3.1.\u00a0\u00a0\u00a0\u00a0\u00a0\u00a0 Spr\u00e1vce zpracov\u00e1v\u00e1 osobn\u00ed \u00fadaje, kter\u00e9 jsou p\u0159im\u011b\u0159en\u00e9, relevantn\u00ed a omezen\u00e9 na nezbytn\u00fd rozsah ve vztahu k \u00fa\u010delu, pro kter\u00fd jsou zpracov\u00e1v\u00e1ny.<\/p>\n<p><strong>4.\u00a0\u00a0\u00a0\u00a0\u00a0\u00a0\u00a0\u00a0\u00a0\u00a0 Doba zpracov\u00e1n\u00ed osobn\u00edch \u00fadaj\u016f<\/strong><br \/>\n4.1.\u00a0\u00a0\u00a0\u00a0\u00a0\u00a0 Osobn\u00ed \u00fadaje budou zpracov\u00e1v\u00e1ny po dobu trv\u00e1n\u00ed otev\u0159en\u00ed vyhled\u00e1van\u00e9 pozice na kterou se uchaze\u010d hl\u00e1sil a d\u00e1le uchov\u00e1v\u00e1ny po dobu stanovenou obecn\u011b z\u00e1vazn\u00fdmi pr\u00e1vn\u00edmi p\u0159edpisy.<\/p>\n<p><strong>5.\u00a0\u00a0\u00a0\u00a0\u00a0\u00a0\u00a0\u00a0\u00a0\u00a0 P\u0159\u00edjemci osobn\u00edch \u00fadaj\u016f<\/strong><br \/>\n5.1.\u00a0\u00a0\u00a0\u00a0\u00a0\u00a0 Spr\u00e1vce bude p\u0159ed\u00e1vat osobn\u00ed \u00fadaje zam\u011bstnanc\u016f p\u0159\u00edslu\u0161n\u00fdm org\u00e1n\u016fm ve\u0159ejn\u00e9 moci a dal\u0161\u00edm p\u0159\u00edjemc\u016fm, kter\u00fdm je Spr\u00e1vce povinen p\u0159ed\u00e1vat osobn\u00ed \u00fadaje uchaze\u010d\u016f podle obecn\u011b z\u00e1vazn\u00fdch pr\u00e1vn\u00edch p\u0159edpis\u016f.<br \/>\n5.2.\u00a0\u00a0\u00a0\u00a0\u00a0\u00a0 Spr\u00e1vce je opr\u00e1vn\u011bn p\u0159edat osobn\u00ed \u00fadaje uchaze\u010d\u016f auditor\u016fm, \u00fa\u010detn\u00edm a da\u0148ov\u00fdm poradc\u016fm atd. kte\u0159\u00ed budou osobn\u00ed \u00fadaje zpracov\u00e1vat pro Spr\u00e1vce jako jeho zpracovatel\u00e9. Uchaze\u010d bere na v\u011bdom\u00ed, \u017ee seznam zpracovatel\u016f Spr\u00e1vce se m\u016f\u017ee v \u010dase m\u011bnit a dopl\u0148ovat. Aktu\u00e1ln\u00ed seznam zpracovatel\u016f, kte\u0159\u00ed zpracov\u00e1vaj\u00ed osobn\u00ed \u00fadaje uchaze\u010d\u016f, p\u0159ed\u00e1 Spr\u00e1vce uchaze\u010di na jeho \u017e\u00e1dost podanou na emailovou adresu gdpr@ariete-group.eu<\/p>\n<p><strong>6.\u00a0\u00a0\u00a0\u00a0\u00a0\u00a0\u00a0\u00a0\u00a0\u00a0 Pr\u00e1va a povinnosti uchaze\u010de<\/strong><br \/>\n6.1.\u00a0\u00a0\u00a0\u00a0\u00a0\u00a0 Uchaze\u010d m\u00e1 pr\u00e1vo po\u017eadovat od Spr\u00e1vce p\u0159\u00edstup ke sv\u00fdm osobn\u00edm \u00fadaj\u016fm (viz \u010dl. 15 GDPR), jejich opravu nebo v\u00fdmaz (viz \u010dl. 16 nebo \u010dl. 17 GDPR), pop\u0159. omezen\u00ed zpracov\u00e1n\u00ed (viz \u010dl. 18 GDPR). Uchaze\u010d m\u00e1 d\u00e1le pr\u00e1vo vzn\u00e9st n\u00e1mitku proti zpracov\u00e1n\u00ed (viz \u010dl. 21 GDPR).<br \/>\n6.2.\u00a0\u00a0\u00a0\u00a0\u00a0\u00a0 Pokud se uchaze\u010d domn\u00edv\u00e1, \u017ee jsou jeho osobn\u00ed \u00fadaje zpracov\u00e1v\u00e1ny v rozporu s pr\u00e1vn\u00edmi p\u0159edpisy, m\u00e1 pr\u00e1vo obr\u00e1tit se na Spr\u00e1vce s \u017e\u00e1dost\u00ed o zjedn\u00e1n\u00ed n\u00e1pravy. Jestli\u017ee bude \u017e\u00e1dost uchaze\u010de shled\u00e1na opr\u00e1vn\u011bnou, Spr\u00e1vce neprodlen\u011b odstran\u00ed z\u00e1vadn\u00fd stav. T\u00edm nen\u00ed dot\u010dena mo\u017enost uchaze\u010de podat st\u00ed\u017enost p\u0159\u00edmo u \u00da\u0159adu pro ochranu osobn\u00edch \u00fadaj\u016f.<br \/>\n6.3.\u00a0\u00a0\u00a0\u00a0\u00a0\u00a0 Uchaze\u010d je povinen sd\u011blovat Spr\u00e1vci pouze p\u0159esn\u00e9, pravdiv\u00e9 a aktu\u00e1ln\u00ed informace. Pokud uchaze\u010d zjist\u00ed, \u017ee informace zpracov\u00e1van\u00e9 o uchaze\u010di Spr\u00e1vcem jsou nep\u0159esn\u00e9, nepravdiv\u00e9 \u010di neaktu\u00e1ln\u00ed, je povinen o takov\u00e9 skute\u010dnosti Spr\u00e1vce informovat a umo\u017enit mu zjedn\u00e1n\u00ed n\u00e1pravy.<\/p>\n\n\t\t<\/div>\n\t<\/div>\n\t\t<\/div>\r\n\t<\/div>\r\n<\/div>\r\n<\/div>","protected":false},"excerpt":{"rendered":"1.\u00a0\u00a0\u00a0\u00a0\u00a0\u00a0\u00a0\u00a0\u00a0\u00a0 Spr\u00e1vce 1.1.\u00a0\u00a0\u00a0\u00a0\u00a0\u00a0 Spr\u00e1vcem osobn\u00edch \u00fadaj\u016f je Ariete personal s.r.o., I\u010cO: 27775496, se s\u00eddlem B\u011blsk\u00e1 139\/7, 293 01 Mlad\u00e1 Boleslav zapsanou v obchodn\u00edm rejst\u0159\u00edku veden\u00e9m M\u011bstsk\u00fdm soudem v Praze, odd\u00edl C, vlo\u017eka 212414\u00a0 (\u201eSpr\u00e1vce\u201c). 2.\u00a0\u00a0\u00a0\u00a0\u00a0\u00a0\u00a0\u00a0\u00a0\u00a0 \u00da\u010del zpracov\u00e1n\u00ed osobn\u00edch \u00fadaj\u016f 2.1.\u00a0\u00a0\u00a0\u00a0\u00a0\u00a0 Spr\u00e1vce zpracov\u00e1v\u00e1 osobn\u00ed \u00fadaje uchaze\u010d\u016f za \u00fa\u010delem veden\u00ed person\u00e1ln\u00ed a mzdov\u00e9 agendy, poskytnut\u00ed informac\u00ed klient\u016fm [...]","protected":false},"author":2,"featured_media":0,"parent":0,"menu_order":0,"comment_status":"closed","ping_status":"closed","template":"","meta":{"_acf_changed":false,"footnotes":""},"class_list":["post-14560","page","type-page","status-publish","hentry"],"acf":[],"yoast_head":"<!-- This site is optimized with the Yoast SEO plugin v27.4 - https:\/\/yoast.com\/product\/yoast-seo-wordpress\/ -->\n<title>Ariete Personal s.r.o. - Zpracov\u00e1n\u00ed osobn\u00edch \u00fadaj\u016f uchaze\u010d\u016f na pozici<\/title>\n<meta name=\"robots\" content=\"index, follow, max-snippet:-1, max-image-preview:large, max-video-preview:-1\" \/>\n<link rel=\"canonical\" href=\"https:\/\/www.arietepersonal.cz\/en\/zpracovani-osobnich-udaju-uchazecu-na-pozici\/\" \/>\n<meta property=\"og:locale\" content=\"en_US\" \/>\n<meta property=\"og:type\" content=\"article\" \/>\n<meta property=\"og:title\" content=\"Ariete Personal s.r.o. - Zpracov\u00e1n\u00ed osobn\u00edch \u00fadaj\u016f uchaze\u010d\u016f na pozici\" \/>\n<meta property=\"og:url\" content=\"https:\/\/www.arietepersonal.cz\/en\/zpracovani-osobnich-udaju-uchazecu-na-pozici\/\" \/>\n<meta property=\"og:site_name\" content=\"Ariete Personal s.r.o.\" \/>\n<meta name=\"twitter:card\" content=\"summary_large_image\" \/>\n<script type=\"application\/ld+json\" class=\"yoast-schema-graph\">{\"@context\":\"https:\\\/\\\/schema.org\",\"@graph\":[{\"@type\":\"WebPage\",\"@id\":\"https:\\\/\\\/www.arietepersonal.cz\\\/zpracovani-osobnich-udaju-uchazecu-na-pozici\\\/\",\"url\":\"https:\\\/\\\/www.arietepersonal.cz\\\/zpracovani-osobnich-udaju-uchazecu-na-pozici\\\/\",\"name\":\"Ariete Personal s.r.o. - Zpracov\u00e1n\u00ed osobn\u00edch \u00fadaj\u016f uchaze\u010d\u016f na pozici\",\"isPartOf\":{\"@id\":\"https:\\\/\\\/www.arietepersonal.cz\\\/en\\\/#website\"},\"datePublished\":\"2021-04-29T19:09:43+00:00\",\"breadcrumb\":{\"@id\":\"https:\\\/\\\/www.arietepersonal.cz\\\/zpracovani-osobnich-udaju-uchazecu-na-pozici\\\/#breadcrumb\"},\"inLanguage\":\"en-US\",\"potentialAction\":[{\"@type\":\"ReadAction\",\"target\":[\"https:\\\/\\\/www.arietepersonal.cz\\\/zpracovani-osobnich-udaju-uchazecu-na-pozici\\\/\"]}]},{\"@type\":\"BreadcrumbList\",\"@id\":\"https:\\\/\\\/www.arietepersonal.cz\\\/zpracovani-osobnich-udaju-uchazecu-na-pozici\\\/#breadcrumb\",\"itemListElement\":[{\"@type\":\"ListItem\",\"position\":1,\"name\":\"Dom\u016f\",\"item\":\"https:\\\/\\\/www.arietepersonal.cz\\\/en\\\/\"},{\"@type\":\"ListItem\",\"position\":2,\"name\":\"Zpracov\u00e1n\u00ed osobn\u00edch \u00fadaj\u016f uchaze\u010d\u016f na pozici\"}]},{\"@type\":\"WebSite\",\"@id\":\"https:\\\/\\\/www.arietepersonal.cz\\\/en\\\/#website\",\"url\":\"https:\\\/\\\/www.arietepersonal.cz\\\/en\\\/\",\"name\":\"Ariete Personal s.r.o.\",\"description\":\"person\u00e1ln\u00ed agentura\",\"publisher\":{\"@id\":\"https:\\\/\\\/www.arietepersonal.cz\\\/en\\\/#organization\"},\"potentialAction\":[{\"@type\":\"SearchAction\",\"target\":{\"@type\":\"EntryPoint\",\"urlTemplate\":\"https:\\\/\\\/www.arietepersonal.cz\\\/en\\\/?s={search_term_string}\"},\"query-input\":{\"@type\":\"PropertyValueSpecification\",\"valueRequired\":true,\"valueName\":\"search_term_string\"}}],\"inLanguage\":\"en-US\"},{\"@type\":\"Organization\",\"@id\":\"https:\\\/\\\/www.arietepersonal.cz\\\/en\\\/#organization\",\"name\":\"ARIETE Personal s.r.o.\",\"url\":\"https:\\\/\\\/www.arietepersonal.cz\\\/en\\\/\",\"logo\":{\"@type\":\"ImageObject\",\"inLanguage\":\"en-US\",\"@id\":\"https:\\\/\\\/www.arietepersonal.cz\\\/en\\\/#\\\/schema\\\/logo\\\/image\\\/\",\"url\":\"https:\\\/\\\/www.arietepersonal.cz\\\/wp-content\\\/uploads\\\/2020\\\/02\\\/Logo-personal.png\",\"contentUrl\":\"https:\\\/\\\/www.arietepersonal.cz\\\/wp-content\\\/uploads\\\/2020\\\/02\\\/Logo-personal.png\",\"width\":200,\"height\":70,\"caption\":\"ARIETE Personal s.r.o.\"},\"image\":{\"@id\":\"https:\\\/\\\/www.arietepersonal.cz\\\/en\\\/#\\\/schema\\\/logo\\\/image\\\/\"}}]}<\/script>\n<!-- \/ Yoast SEO plugin. -->","yoast_head_json":{"title":"Ariete Personal s.r.o. - Zpracov\u00e1n\u00ed osobn\u00edch \u00fadaj\u016f uchaze\u010d\u016f na pozici","robots":{"index":"index","follow":"follow","max-snippet":"max-snippet:-1","max-image-preview":"max-image-preview:large","max-video-preview":"max-video-preview:-1"},"canonical":"https:\/\/www.arietepersonal.cz\/en\/zpracovani-osobnich-udaju-uchazecu-na-pozici\/","og_locale":"en_US","og_type":"article","og_title":"Ariete Personal s.r.o. - Zpracov\u00e1n\u00ed osobn\u00edch \u00fadaj\u016f uchaze\u010d\u016f na pozici","og_url":"https:\/\/www.arietepersonal.cz\/en\/zpracovani-osobnich-udaju-uchazecu-na-pozici\/","og_site_name":"Ariete Personal s.r.o.","twitter_card":"summary_large_image","schema":{"@context":"https:\/\/schema.org","@graph":[{"@type":"WebPage","@id":"https:\/\/www.arietepersonal.cz\/zpracovani-osobnich-udaju-uchazecu-na-pozici\/","url":"https:\/\/www.arietepersonal.cz\/zpracovani-osobnich-udaju-uchazecu-na-pozici\/","name":"Ariete Personal s.r.o. - Zpracov\u00e1n\u00ed osobn\u00edch \u00fadaj\u016f uchaze\u010d\u016f na pozici","isPartOf":{"@id":"https:\/\/www.arietepersonal.cz\/en\/#website"},"datePublished":"2021-04-29T19:09:43+00:00","breadcrumb":{"@id":"https:\/\/www.arietepersonal.cz\/zpracovani-osobnich-udaju-uchazecu-na-pozici\/#breadcrumb"},"inLanguage":"en-US","potentialAction":[{"@type":"ReadAction","target":["https:\/\/www.arietepersonal.cz\/zpracovani-osobnich-udaju-uchazecu-na-pozici\/"]}]},{"@type":"BreadcrumbList","@id":"https:\/\/www.arietepersonal.cz\/zpracovani-osobnich-udaju-uchazecu-na-pozici\/#breadcrumb","itemListElement":[{"@type":"ListItem","position":1,"name":"Dom\u016f","item":"https:\/\/www.arietepersonal.cz\/en\/"},{"@type":"ListItem","position":2,"name":"Zpracov\u00e1n\u00ed osobn\u00edch \u00fadaj\u016f uchaze\u010d\u016f na pozici"}]},{"@type":"WebSite","@id":"https:\/\/www.arietepersonal.cz\/en\/#website","url":"https:\/\/www.arietepersonal.cz\/en\/","name":"Ariete Personal s.r.o.","description":"person\u00e1ln\u00ed agentura","publisher":{"@id":"https:\/\/www.arietepersonal.cz\/en\/#organization"},"potentialAction":[{"@type":"SearchAction","target":{"@type":"EntryPoint","urlTemplate":"https:\/\/www.arietepersonal.cz\/en\/?s={search_term_string}"},"query-input":{"@type":"PropertyValueSpecification","valueRequired":true,"valueName":"search_term_string"}}],"inLanguage":"en-US"},{"@type":"Organization","@id":"https:\/\/www.arietepersonal.cz\/en\/#organization","name":"ARIETE Personal s.r.o.","url":"https:\/\/www.arietepersonal.cz\/en\/","logo":{"@type":"ImageObject","inLanguage":"en-US","@id":"https:\/\/www.arietepersonal.cz\/en\/#\/schema\/logo\/image\/","url":"https:\/\/www.arietepersonal.cz\/wp-content\/uploads\/2020\/02\/Logo-personal.png","contentUrl":"https:\/\/www.arietepersonal.cz\/wp-content\/uploads\/2020\/02\/Logo-personal.png","width":200,"height":70,"caption":"ARIETE Personal s.r.o."},"image":{"@id":"https:\/\/www.arietepersonal.cz\/en\/#\/schema\/logo\/image\/"}}]}},"_links":{"self":[{"href":"https:\/\/www.arietepersonal.cz\/en\/wp-json\/wp\/v2\/pages\/14560","targetHints":{"allow":["GET"]}}],"collection":[{"href":"https:\/\/www.arietepersonal.cz\/en\/wp-json\/wp\/v2\/pages"}],"about":[{"href":"https:\/\/www.arietepersonal.cz\/en\/wp-json\/wp\/v2\/types\/page"}],"author":[{"embeddable":true,"href":"https:\/\/www.arietepersonal.cz\/en\/wp-json\/wp\/v2\/users\/2"}],"replies":[{"embeddable":true,"href":"https:\/\/www.arietepersonal.cz\/en\/wp-json\/wp\/v2\/comments?post=14560"}],"version-history":[{"count":1,"href":"https:\/\/www.arietepersonal.cz\/en\/wp-json\/wp\/v2\/pages\/14560\/revisions"}],"predecessor-version":[{"id":14561,"href":"https:\/\/www.arietepersonal.cz\/en\/wp-json\/wp\/v2\/pages\/14560\/revisions\/14561"}],"wp:attachment":[{"href":"https:\/\/www.arietepersonal.cz\/en\/wp-json\/wp\/v2\/media?parent=14560"}],"curies":[{"name":"wp","href":"https:\/\/api.w.org\/{rel}","templated":true}]}}