{"id":14618,"date":"2021-06-01T10:09:42","date_gmt":"2021-06-01T08:09:42","guid":{"rendered":"https:\/\/www.arietepersonal.cz\/?page_id=14618"},"modified":"2026-05-01T12:06:00","modified_gmt":"2026-05-01T10:06:00","slug":"ubytovani","status":"publish","type":"page","link":"https:\/\/www.arietepersonal.cz\/en\/ubytovani\/","title":{"rendered":"Accommodation capacity"},"content":{"rendered":"<div class=\"vc_row wpb_row vc_row-fluid thsn-row thsn-bg-color-yes thsn-bg-color-transparent thsn-zindex-zero\">\r\n\t\t\t<div class=\"wpb_column vc_column_container vc_col-sm-12 thsn-column thsn-bg-color-yes thsn-bg-color-transparent thsn-zindex-zero\">\r\n\t<div class=\"vc_column-inner\">\r\n\t\t\t<div class=\"wpb_wrapper\">\r\n\t\t\t\n\t<div class=\"wpb_text_column wpb_content_element\" >\n\t\t<div class=\"wpb_wrapper\">\n\t\t\t<p><strong>Beautiful housing and a happy life<\/strong> have a direct effect on the results of employees, and we would like to show you <strong>how well<\/strong> your employees and senior management can <strong>live<\/strong>.<\/p>\n<p>In our buildings, in addition to <strong>beautiful and fully furnished flats<\/strong> we also have other equipment and <strong>services<\/strong>, that you cannot find in ordinary accommodation facilities:<\/p>\n<ul>\n<li>24-hour reception desk<\/li>\n<li>laundry in the building<\/li>\n<li>daily cleaning of common areas<\/li>\n<li>guarded parking<\/li>\n<li>wifi<\/li>\n<li>sanitary facilities directly in the flat<\/li>\n<\/ul>\n<p>For the <strong>senior management<\/strong> ,  we recommend flats in B\u011blsk\u00e1 Street in Mlad\u00e1 Boleslav, which are furnished for your employees to move in.<\/p>\n\n\t\t<\/div>\n\t<\/div>\n\n\t<div class=\"wpb_text_column wpb_content_element  not-on-mobile\" >\n\t\t<div class=\"wpb_wrapper\">\n\t\t\t<h4 style=\"text-align: center;\">You can choose from the following locations:<\/h4>\n<p style=\"text-align: center;\"><a href=\"https:\/\/www.arietepersonal.cz\/en\/ubytovani-mlada-boleslav\/\"><strong>Mlada Boleslav<\/strong><\/a><\/p>\n<p style=\"text-align: center;\"><a href=\"https:\/\/www.arietepersonal.cz\/en\/ubytovani-milovice\/\"><strong>Milovice<\/strong><\/a><\/p>\n\n\t\t<\/div>\n\t<\/div>\n\t\t<\/div>\r\n\t<\/div>\r\n<\/div>\r\n<\/div>\r\n<div class=\"vc_row wpb_row vc_row-fluid thsn-row thsn-bg-color-yes thsn-bg-color-transparent thsn-zindex-zero thsn-responsive-custom-23735668\">\r\n\t\t\t<div class=\"wpb_column vc_column_container vc_col-sm-12 vc_hidden-xs thsn-column thsn-bg-color-yes thsn-bg-color-transparent thsn-zindex-zero\">\r\n\t<div class=\"vc_column-inner\">\r\n\t\t\t<div class=\"wpb_wrapper\">\r\n\t\t\t<div class=\"vc_row wpb_row vc_inner vc_row-fluid thsn-row-inner thsn-bg-color-yes thsn-bg-color-transparent thsn-zindex-zero\">\r\n\t<div class=\"wpb_column vc_column_container vc_col-sm-6 thsn-column-inner thsn-bg-color-yes thsn-bg-color-transparent thsn-zindex-zero\"><div class=\"vc_column-inner\"><div class=\"wpb_wrapper\">\n\t<div class=\"wpb_text_column wpb_content_element  vc_custom_1623140359513\">\n\t\t<div class=\"wpb_wrapper\">\n\t\t\t<div class=\"team-jmeno\">\n<h3>Ji\u0159\u00ed \u0160tika<\/h3>\n<\/div>\n\n\t\t<\/div>\n\t<\/div>\n\n\t<div class=\"wpb_text_column wpb_content_element\">\n\t\t<div class=\"wpb_wrapper\">\n\t\t\t<div class=\"team-pozice\">jednatel<\/div>\n\n\t\t<\/div>\n\t<\/div>\n\n\t<div class=\"wpb_text_column wpb_content_element\">\n\t\t<div class=\"wpb_wrapper\">\n\t\t\t<div class=\"tricitka\"><img loading=\"lazy\" decoding=\"async\" class=\"img-noborder\" src=\"https:\/\/www.arietepersonal.cz\/wp-content\/uploads\/2018\/12\/ikona-mobil-1.png\" alt=\"\" width=\"53\" height=\"30\" \/><a href=\"tel:+420602146651\">+420 602 146 651<\/a><br \/>\n<img loading=\"lazy\" decoding=\"async\" class=\"img-noborder\" src=\"https:\/\/www.arietepersonal.cz\/wp-content\/uploads\/2018\/12\/ikona-mailpsd-1.png\" alt=\"\" width=\"53\" height=\"30\" \/><a href=\"mailto:stika.j@ariete-group.eu\">stika.j@ariete-group.eu<\/a><\/div>\n\n\t\t<\/div>\n\t<\/div>\n<\/div><\/div><\/div><div class=\"wpb_column vc_column_container vc_col-sm-6 thsn-column-inner thsn-bg-color-yes thsn-bg-color-transparent thsn-zindex-zero\"><div class=\"vc_column-inner\"><div class=\"wpb_wrapper\">\n<div class=\"wpcf7 no-js\" id=\"wpcf7-f14810-o1\">\n<div class=\"screen-reader-response\"><p><\/p> <ul><\/ul><\/div>\n<form action=\"\/en\/wp-json\/wp\/v2\/pages\/14618#wpcf7-f14810-o1\" method=\"post\" class=\"wpcf7-form init\" data-trp-original-action=\"\/en\/wp-json\/wp\/v2\/pages\/14618#wpcf7-f14810-o1\">\n<input type=\"hidden\" name=\"_wpcf7\" value=\"14810\" \/><input type=\"hidden\" name=\"_wpcf7_version\" value=\"6.1.5\" \/><input type=\"hidden\" name=\"_wpcf7_locale\" value=\"en_US\" \/><input type=\"hidden\" name=\"_wpcf7_unit_tag\" value=\"wpcf7-f14810-o1\" \/><input type=\"hidden\" name=\"_wpcf7_container_post\" value=\"0\" \/><input type=\"hidden\" name=\"_wpcf7_posted_data_hash\" value=\"\" \/><input type=\"hidden\" name=\"_wpcf7dtx_version\" value=\"5.0.5\" \/>\n\n<div class=\"thsn-main-form thsn-style-2\">\n\t<div class=\"row\">\n\t\t<div class=\"col-sm-12\">\n\t\t\t<div class=\"input-group\" style=\"border-bottom:1px solid cadetblue\">\n\t\t\t\t<p><span class=\"wpcf7-form-control-wrap\"><input class=\"wpcf7-form-control wpcf7-text wpcf7-validates-as-required\" aria-invalid=\"false\" placeholder=\"Company *\" value=\"\" type=\"text\" name=\"firma\" \/><\/span>\n\t\t\t\t<\/p>\n\t\t\t<\/div>\n\t\t<\/div>\n\t\t<div class=\"col-sm-12\">\n\t\t\t<div class=\"input-group\" style=\"border-bottom:1px solid cadetblue\">\n\t\t\t\t<p><span class=\"wpcf7-form-control-wrap\"><input class=\"wpcf7-form-control wpcf7-text wpcf7-validates-as-required\" aria-invalid=\"false\" placeholder=\"Your name *\" value=\"\" type=\"text\" name=\"kontakt\" \/><\/span>\n\t\t\t\t<\/p>\n\t\t\t<\/div>\n\t\t<\/div>\n\t\t<div class=\"col-sm-12\">\n\t\t\t<div class=\"input-group\" style=\"border-bottom:1px solid cadetblue\">\n\t\t\t\t<p><span class=\"wpcf7-form-control-wrap\"><input class=\"wpcf7-form-control wpcf7-tel wpcf7-validates-as-required wpcf7-text wpcf7-validates-as-tel\" aria-invalid=\"false\" placeholder=\"Phone number *\" value=\"\" type=\"tel\" name=\"telefon\" \/><\/span>\n\t\t\t\t<\/p>\n\t\t\t<\/div>\n\t\t<\/div>\n\t\t<div class=\"col-sm-12\">\n\t\t\t<div class=\"input-group\" style=\"border-bottom:1px solid cadetblue\">\n\t\t\t\t<p><span class=\"wpcf7-form-control-wrap\"><input class=\"wpcf7-form-control wpcf7-email wpcf7-validates-as-required wpcf7-text wpcf7-validates-as-email\" aria-invalid=\"false\" placeholder=\"E-mail *\" value=\"\" type=\"email\" name=\"emailova_adresa\" \/><\/span>\n\t\t\t\t<\/p>\n\t\t\t<\/div>\n\t\t<\/div>\n\t\t<div class=\"col-sm-12\">\n\t\t\t<div class=\"input-group\" style=\"border-bottom:1px solid cadetblue\">\n\t\t\t\t<p><span class=\"wpcf7-form-control-wrap\"><select class=\"wpcf7-form-control wpcf7-select wpcf7-validates-as-required\" aria-invalid=\"false\" name=\"lokace\"><option value=\"\">\u2014Please choose an option\u2014<\/option><option value=\"Milovice\">Milovice<\/option><option value=\"Mlad\u00e1 Boleslav\">Mlada Boleslav<\/option><\/select><\/span>\n\t\t\t\t<\/p>\n\t\t\t<\/div>\n\t\t<\/div>\n\t\t<div class=\"col-sm-12\">\n\t\t\t<div class=\"input-group\" style=\"border-bottom:1px solid cadetblue\">\n\t\t\t\t<p><span class=\"wpcf7-form-control-wrap\"><input class=\"wpcf7-form-control wpcf7-text\" aria-invalid=\"false\" placeholder=\"Number of persons\" value=\"\" type=\"text\" name=\"pocet\" \/><\/span>\n\t\t\t\t<\/p>\n\t\t\t<\/div>\n\t\t<\/div>\n\t\t<div class=\"col-sm-12\">\n\t\t\t<div class=\"input-group input-button\">\n\t\t\t\t<p><span class=\"wpcf7-form-control-wrap\">\t\t<input type=\"hidden\" class=\"hcaptcha-widget-id\" name=\"hcaptcha-widget-id\" value=\"eyJzb3VyY2UiOlsiY29udGFjdC1mb3JtLTdcL3dwLWNvbnRhY3QtZm9ybS03LnBocCJdLCJmb3JtX2lkIjoxNDgxMH0=-1af5f78db200c36d4e0fdcaca61eb471\">\n\t\t\t\t<span id=\"hcap_cf7-69fc442d20c278.80490839\" class=\"wpcf7-form-control h-captcha\">\n\t\t<\/span>\n\t\t<input type=\"hidden\" id=\"_wpnonce\" name=\"_wpnonce\" value=\"02652cfa90\" \/><input type=\"hidden\" name=\"_wp_http_referer\" value=\"\/en\/wp-json\/wp\/v2\/pages\/14618\" \/><\/span><input class=\"wpcf7-form-control wpcf7-submit has-spinner\" type=\"submit\" value=\"Request accommodation without obligation\" \/><span id=\"wpcf7-69fc442d201d2-wrapper\" class=\"wpcf7-form-control-wrap ubytovani-wrap\"><input id=\"wpcf7-69fc442d201d2-field\" class=\"wpcf7-form-control wpcf7-text\" type=\"text\" name=\"ubytovani\" value=\"\" \/><\/span>\n\t\t\t\t<\/p>\n\t\t\t<\/div>\n\t\t<\/div>\n\t\t<div class=\"GDPRinfo\">\n\t\t\t<p>By sending, you agree to the processing of personal data in accordance with applicable legislation. We do not provide data to third parties.\n\t\t\t<span class=\"wpcf7-form-control-wrap page-title\"><input type=\"hidden\" name=\"page-title\" class=\"wpcf7-form-control wpcf7-hidden wpcf7dtx wpcf7dtx-hidden\" aria-invalid=\"false\" value=\"Ubytovac\u00ed kapacity\"><\/span>\n\t\t\t<span class=\"wpcf7-form-control-wrap page-url\"><input type=\"hidden\" name=\"page-url\" class=\"wpcf7-form-control wpcf7-hidden wpcf7dtx wpcf7dtx-hidden\" aria-invalid=\"false\" value=\"https:\/\/www.arietepersonal.cz\/en\/en\/wp-json\/wp\/v2\/pages\/14618\"><\/span>\n\t\t\t<\/p>\n\t\t<\/div>\n\t<\/div>\n<\/div><p class=\"akismet-fields-container\"><label>\u0394<textarea name=\"_wpcf7_ak_hp_textarea\"><\/textarea><\/label><input type=\"hidden\" id=\"ak_js_1\" name=\"_wpcf7_ak_js\" value=\"156\" \/>\n\/*  *\/\n\n<\/p><div class=\"wpcf7-response-output\"><\/div>\n<input type=\"hidden\" name=\"trp-form-language\" value=\"en\"\/><\/form>\n<\/div>\n<\/div><\/div><\/div><\/div>\r\n\t\t<\/div>\r\n\t<\/div>\r\n<\/div>\r\n<\/div>","protected":false},"excerpt":{"rendered":"Kr\u00e1sn\u00e9 bydlen\u00ed a spokojen\u00fd \u017eivot m\u00e1 p\u0159\u00edm\u00fd vliv na v\u00fdsledky zam\u011bstnanc\u016f a my bychom V\u00e1m\u00a0 r\u00e1di\u00a0 uk\u00e1zali, jak dob\u0159e mohou Va\u0161i pracovn\u00edci a vy\u0161\u0161\u00ed management bydlet. V na\u0161ich budov\u00e1ch m\u00e1me toti\u017e krom\u011b kr\u00e1sn\u00fdch a pln\u011b za\u0159\u00edzen\u00fdch byt\u016f tak\u00e9 dal\u0161\u00ed vybaven\u00ed a slu\u017eby, kter\u00e9 v b\u011b\u017en\u00fdch ubytovac\u00edch za\u0159\u00edzen\u00edch nenajdete: recepce 24h pr\u00e1delna v budov\u011b ka\u017edodenn\u00ed \u00faklid [...]","protected":false},"author":2,"featured_media":0,"parent":0,"menu_order":0,"comment_status":"closed","ping_status":"closed","template":"","meta":{"_acf_changed":false,"footnotes":""},"class_list":["post-14618","page","type-page","status-publish","hentry"],"acf":[],"yoast_head":"<!-- This site is optimized with the Yoast SEO plugin v27.5 - https:\/\/yoast.com\/product\/yoast-seo-wordpress\/ -->\n<title>Ariete Personal s.r.o. - Ubytovac\u00ed kapacity<\/title>\n<meta name=\"robots\" content=\"index, follow, max-snippet:-1, max-image-preview:large, max-video-preview:-1\" \/>\n<link rel=\"canonical\" href=\"https:\/\/www.arietepersonal.cz\/en\/ubytovani\/\" \/>\n<meta property=\"og:locale\" content=\"en_US\" \/>\n<meta property=\"og:type\" content=\"article\" \/>\n<meta property=\"og:title\" content=\"Ariete Personal s.r.o. - Ubytovac\u00ed kapacity\" \/>\n<meta property=\"og:url\" content=\"https:\/\/www.arietepersonal.cz\/en\/ubytovani\/\" \/>\n<meta property=\"og:site_name\" content=\"Ariete Personal s.r.o.\" \/>\n<meta property=\"article:modified_time\" content=\"2026-05-01T10:06:00+00:00\" \/>\n<meta property=\"og:image\" content=\"https:\/\/www.arietepersonal.cz\/wp-content\/uploads\/2018\/12\/ikona-mobil-1.png\" \/>\n<meta name=\"twitter:card\" content=\"summary_large_image\" \/>\n<script type=\"application\/ld+json\" class=\"yoast-schema-graph\">{\"@context\":\"https:\\\/\\\/schema.org\",\"@graph\":[{\"@type\":\"WebPage\",\"@id\":\"https:\\\/\\\/www.arietepersonal.cz\\\/ubytovani\\\/\",\"url\":\"https:\\\/\\\/www.arietepersonal.cz\\\/ubytovani\\\/\",\"name\":\"Ariete Personal s.r.o. - Ubytovac\u00ed kapacity\",\"isPartOf\":{\"@id\":\"https:\\\/\\\/www.arietepersonal.cz\\\/en\\\/#website\"},\"primaryImageOfPage\":{\"@id\":\"https:\\\/\\\/www.arietepersonal.cz\\\/ubytovani\\\/#primaryimage\"},\"image\":{\"@id\":\"https:\\\/\\\/www.arietepersonal.cz\\\/ubytovani\\\/#primaryimage\"},\"thumbnailUrl\":\"https:\\\/\\\/www.arietepersonal.cz\\\/wp-content\\\/uploads\\\/2018\\\/12\\\/ikona-mobil-1.png\",\"datePublished\":\"2021-06-01T08:09:42+00:00\",\"dateModified\":\"2026-05-01T10:06:00+00:00\",\"breadcrumb\":{\"@id\":\"https:\\\/\\\/www.arietepersonal.cz\\\/ubytovani\\\/#breadcrumb\"},\"inLanguage\":\"en-US\",\"potentialAction\":[{\"@type\":\"ReadAction\",\"target\":[\"https:\\\/\\\/www.arietepersonal.cz\\\/ubytovani\\\/\"]}]},{\"@type\":\"ImageObject\",\"inLanguage\":\"en-US\",\"@id\":\"https:\\\/\\\/www.arietepersonal.cz\\\/ubytovani\\\/#primaryimage\",\"url\":\"https:\\\/\\\/www.arietepersonal.cz\\\/wp-content\\\/uploads\\\/2018\\\/12\\\/ikona-mobil-1.png\",\"contentUrl\":\"https:\\\/\\\/www.arietepersonal.cz\\\/wp-content\\\/uploads\\\/2018\\\/12\\\/ikona-mobil-1.png\"},{\"@type\":\"BreadcrumbList\",\"@id\":\"https:\\\/\\\/www.arietepersonal.cz\\\/ubytovani\\\/#breadcrumb\",\"itemListElement\":[{\"@type\":\"ListItem\",\"position\":1,\"name\":\"Dom\u016f\",\"item\":\"https:\\\/\\\/www.arietepersonal.cz\\\/en\\\/\"},{\"@type\":\"ListItem\",\"position\":2,\"name\":\"Ubytovac\u00ed kapacity\"}]},{\"@type\":\"WebSite\",\"@id\":\"https:\\\/\\\/www.arietepersonal.cz\\\/en\\\/#website\",\"url\":\"https:\\\/\\\/www.arietepersonal.cz\\\/en\\\/\",\"name\":\"Ariete Personal s.r.o.\",\"description\":\"person\u00e1ln\u00ed agentura\",\"publisher\":{\"@id\":\"https:\\\/\\\/www.arietepersonal.cz\\\/en\\\/#organization\"},\"potentialAction\":[{\"@type\":\"SearchAction\",\"target\":{\"@type\":\"EntryPoint\",\"urlTemplate\":\"https:\\\/\\\/www.arietepersonal.cz\\\/en\\\/?s={search_term_string}\"},\"query-input\":{\"@type\":\"PropertyValueSpecification\",\"valueRequired\":true,\"valueName\":\"search_term_string\"}}],\"inLanguage\":\"en-US\"},{\"@type\":\"Organization\",\"@id\":\"https:\\\/\\\/www.arietepersonal.cz\\\/en\\\/#organization\",\"name\":\"ARIETE Personal s.r.o.\",\"url\":\"https:\\\/\\\/www.arietepersonal.cz\\\/en\\\/\",\"logo\":{\"@type\":\"ImageObject\",\"inLanguage\":\"en-US\",\"@id\":\"https:\\\/\\\/www.arietepersonal.cz\\\/en\\\/#\\\/schema\\\/logo\\\/image\\\/\",\"url\":\"https:\\\/\\\/www.arietepersonal.cz\\\/wp-content\\\/uploads\\\/2020\\\/02\\\/Logo-personal.png\",\"contentUrl\":\"https:\\\/\\\/www.arietepersonal.cz\\\/wp-content\\\/uploads\\\/2020\\\/02\\\/Logo-personal.png\",\"width\":200,\"height\":70,\"caption\":\"ARIETE Personal s.r.o.\"},\"image\":{\"@id\":\"https:\\\/\\\/www.arietepersonal.cz\\\/en\\\/#\\\/schema\\\/logo\\\/image\\\/\"}}]}<\/script>\n<!-- \/ Yoast SEO plugin. -->","yoast_head_json":{"title":"Ariete Personal s.r.o. - Ubytovac\u00ed kapacity","robots":{"index":"index","follow":"follow","max-snippet":"max-snippet:-1","max-image-preview":"max-image-preview:large","max-video-preview":"max-video-preview:-1"},"canonical":"https:\/\/www.arietepersonal.cz\/en\/ubytovani\/","og_locale":"en_US","og_type":"article","og_title":"Ariete Personal s.r.o. - Ubytovac\u00ed kapacity","og_url":"https:\/\/www.arietepersonal.cz\/en\/ubytovani\/","og_site_name":"Ariete Personal s.r.o.","article_modified_time":"2026-05-01T10:06:00+00:00","og_image":[{"url":"https:\/\/www.arietepersonal.cz\/wp-content\/uploads\/2018\/12\/ikona-mobil-1.png","type":"","width":"","height":""}],"twitter_card":"summary_large_image","schema":{"@context":"https:\/\/schema.org","@graph":[{"@type":"WebPage","@id":"https:\/\/www.arietepersonal.cz\/ubytovani\/","url":"https:\/\/www.arietepersonal.cz\/ubytovani\/","name":"Ariete Personal s.r.o. - Ubytovac\u00ed kapacity","isPartOf":{"@id":"https:\/\/www.arietepersonal.cz\/en\/#website"},"primaryImageOfPage":{"@id":"https:\/\/www.arietepersonal.cz\/ubytovani\/#primaryimage"},"image":{"@id":"https:\/\/www.arietepersonal.cz\/ubytovani\/#primaryimage"},"thumbnailUrl":"https:\/\/www.arietepersonal.cz\/wp-content\/uploads\/2018\/12\/ikona-mobil-1.png","datePublished":"2021-06-01T08:09:42+00:00","dateModified":"2026-05-01T10:06:00+00:00","breadcrumb":{"@id":"https:\/\/www.arietepersonal.cz\/ubytovani\/#breadcrumb"},"inLanguage":"en-US","potentialAction":[{"@type":"ReadAction","target":["https:\/\/www.arietepersonal.cz\/ubytovani\/"]}]},{"@type":"ImageObject","inLanguage":"en-US","@id":"https:\/\/www.arietepersonal.cz\/ubytovani\/#primaryimage","url":"https:\/\/www.arietepersonal.cz\/wp-content\/uploads\/2018\/12\/ikona-mobil-1.png","contentUrl":"https:\/\/www.arietepersonal.cz\/wp-content\/uploads\/2018\/12\/ikona-mobil-1.png"},{"@type":"BreadcrumbList","@id":"https:\/\/www.arietepersonal.cz\/ubytovani\/#breadcrumb","itemListElement":[{"@type":"ListItem","position":1,"name":"Dom\u016f","item":"https:\/\/www.arietepersonal.cz\/en\/"},{"@type":"ListItem","position":2,"name":"Ubytovac\u00ed kapacity"}]},{"@type":"WebSite","@id":"https:\/\/www.arietepersonal.cz\/en\/#website","url":"https:\/\/www.arietepersonal.cz\/en\/","name":"Ariete Personal s.r.o.","description":"person\u00e1ln\u00ed agentura","publisher":{"@id":"https:\/\/www.arietepersonal.cz\/en\/#organization"},"potentialAction":[{"@type":"SearchAction","target":{"@type":"EntryPoint","urlTemplate":"https:\/\/www.arietepersonal.cz\/en\/?s={search_term_string}"},"query-input":{"@type":"PropertyValueSpecification","valueRequired":true,"valueName":"search_term_string"}}],"inLanguage":"en-US"},{"@type":"Organization","@id":"https:\/\/www.arietepersonal.cz\/en\/#organization","name":"ARIETE Personal s.r.o.","url":"https:\/\/www.arietepersonal.cz\/en\/","logo":{"@type":"ImageObject","inLanguage":"en-US","@id":"https:\/\/www.arietepersonal.cz\/en\/#\/schema\/logo\/image\/","url":"https:\/\/www.arietepersonal.cz\/wp-content\/uploads\/2020\/02\/Logo-personal.png","contentUrl":"https:\/\/www.arietepersonal.cz\/wp-content\/uploads\/2020\/02\/Logo-personal.png","width":200,"height":70,"caption":"ARIETE Personal s.r.o."},"image":{"@id":"https:\/\/www.arietepersonal.cz\/en\/#\/schema\/logo\/image\/"}}]}},"_links":{"self":[{"href":"https:\/\/www.arietepersonal.cz\/en\/wp-json\/wp\/v2\/pages\/14618","targetHints":{"allow":["GET"]}}],"collection":[{"href":"https:\/\/www.arietepersonal.cz\/en\/wp-json\/wp\/v2\/pages"}],"about":[{"href":"https:\/\/www.arietepersonal.cz\/en\/wp-json\/wp\/v2\/types\/page"}],"author":[{"embeddable":true,"href":"https:\/\/www.arietepersonal.cz\/en\/wp-json\/wp\/v2\/users\/2"}],"replies":[{"embeddable":true,"href":"https:\/\/www.arietepersonal.cz\/en\/wp-json\/wp\/v2\/comments?post=14618"}],"version-history":[{"count":13,"href":"https:\/\/www.arietepersonal.cz\/en\/wp-json\/wp\/v2\/pages\/14618\/revisions"}],"predecessor-version":[{"id":51090,"href":"https:\/\/www.arietepersonal.cz\/en\/wp-json\/wp\/v2\/pages\/14618\/revisions\/51090"}],"wp:attachment":[{"href":"https:\/\/www.arietepersonal.cz\/en\/wp-json\/wp\/v2\/media?parent=14618"}],"curies":[{"name":"wp","href":"https:\/\/api.w.org\/{rel}","templated":true}]}}